{"id":100311,"date":"2025-03-09T10:24:08","date_gmt":"2025-03-09T09:24:08","guid":{"rendered":"https:\/\/bio-proces.pl\/en\/?page_id=100311"},"modified":"2025-06-17T16:37:47","modified_gmt":"2025-06-17T14:37:47","slug":"about-us","status":"publish","type":"page","link":"https:\/\/bio-proces.pl\/en\/about-us\/","title":{"rendered":"About us"},"content":{"rendered":"<p>[et_pb_section fb_built=&#8221;1&#8243; module_class=&#8221;dct_plx&#8221; _builder_version=&#8221;4.27.4&#8243; background_color=&#8221;rgba(8,7,7,0.66)&#8221; background_image=&#8221;https:\/\/bio-proces.pl\/en\/wp-content\/uploads\/2025\/02\/farm-with-biogas-plant-converting-organic-waste-into-renewable-energy-reducing-emissions-1.jpg&#8221; background_blend=&#8221;overlay&#8221; global_colors_info=&#8221;{}&#8221;][et_pb_row column_structure=&#8221;1_2,1_2&#8243; use_custom_gutter=&#8221;on&#8221; gutter_width=&#8221;2&#8243; make_equal=&#8221;on&#8221; _builder_version=&#8221;4.16&#8243; width=&#8221;90%&#8221; max_width=&#8221;1170px&#8221; custom_padding=&#8221;0px||0px||true|false&#8221; global_colors_info=&#8221;{}&#8221;][et_pb_column type=&#8221;1_2&#8243; module_class=&#8221;dct_p_title&#8221; _builder_version=&#8221;4.16&#8243; global_colors_info=&#8221;{}&#8221;][et_pb_text _builder_version=&#8221;4.16&#8243; _dynamic_attributes=&#8221;content&#8221; global_colors_info=&#8221;{}&#8221;]@ET-DC@eyJkeW5hbWljIjp0cnVlLCJjb250ZW50IjoicG9zdF90aXRsZSIsInNldHRpbmdzIjp7ImJlZm9yZSI6IiIsImFmdGVyIjoiIn19@[\/et_pb_text][\/et_pb_column][et_pb_column type=&#8221;1_2&#8243; module_class=&#8221;dct_bdcm&#8221; _builder_version=&#8221;4.16&#8243; global_colors_info=&#8221;{}&#8221;][\/et_pb_column][\/et_pb_row][\/et_pb_section][et_pb_section fb_built=&#8221;1&#8243; _builder_version=&#8221;4.27.4&#8243; custom_padding=&#8221;40px||40px||true|false&#8221; global_colors_info=&#8221;{}&#8221;][et_pb_row custom_padding_last_edited=&#8221;off|desktop&#8221; module_id=&#8221;consulting&#8221; module_class=&#8221;consulting&#8221; _builder_version=&#8221;4.27.4&#8243; custom_padding=&#8221;0px||0px||true|false&#8221; custom_padding_tablet=&#8221;0px||0px||true|false&#8221; global_colors_info=&#8221;{}&#8221;][et_pb_column type=&#8221;4_4&#8243; _builder_version=&#8221;4.16&#8243; global_colors_info=&#8221;{}&#8221;][et_pb_text module_class=&#8221;dct_abt_txt&#8221; _builder_version=&#8221;4.27.4&#8243; hover_enabled=&#8221;0&#8243; global_colors_info=&#8221;{}&#8221; sticky_enabled=&#8221;0&#8243;]<\/p>\n<p><!-- Sekcja z obrazem i tekstem (zdj\u0119cia po jednej stronie) --><\/p>\n<div class=\"bio-section-row bio-intro-section\">\n<div class=\"bio-section-text\">\n<h2 class=\"bio-intro-title\">Welcome to Bio-Proces!<\/h2>\n<p class=\"bio-intro-text\"><span class=\"bio-highlight\">What sets us apart?<\/span><\/p>\n<p>We&#8217;re not afraid to take on new challenges. Since 2021, we\u2019ve been on a mission to help our clients implement innovative environmental solutions. Our roots run deep, with our specialists having been active in the market since 2010, amassing valuable experience in the industry. Their expertise allows us to deliver dependable and high-quality outcomes tailored to your needs.<\/p>\n<\/div>\n<div class=\"bio-section-image\"><img decoding=\"async\" class=\"bio-image\" src=\"https:\/\/bio-proces.pl\/en\/wp-content\/uploads\/2025\/03\/20250312_115225-2.jpg\" alt=\"Bio-Proces Work 1\" \/><\/div>\n<\/div>\n<div class=\"bio-section-row bio-team-section\">\n<div class=\"bio-section-image\"><img decoding=\"async\" class=\"bio-image\" src=\"https:\/\/bio-proces.pl\/en\/wp-content\/uploads\/2025\/03\/20250323_150542-1.jpg\" alt=\"Bio-Proces Work 2\" \/><\/div>\n<div class=\"bio-section-text\">\n<h2 class=\"bio-team-title\">Our Team<\/h2>\n<p class=\"bio-team-text\">At the heart of our operations is a dedicated core team of professionals, who bring their unwavering commitment to excellence to every project. When needed, we seamlessly integrate additional skilled specialists into our team, ensuring we have the right people for the job, no matter the complexity or scale.<\/p>\n<\/div>\n<\/div>\n<div class=\"bio-section-row bio-projects-section\">\n<div class=\"bio-section-text\">\n<h2 class=\"bio-projects-title\">Our Projects &amp; Services<\/h2>\n<p class=\"bio-projects-text\">From biogas projects to wastewater treatment, water reuse systems, pasteurization setups, and deodorization solutions, we\u2019re passionate about creating technologies that matter. Working across agricultural, industrial, and municipal sectors, we offer everything from equipment designed and produced by us to full-service project execution and reliable support.<\/p>\n<p class=\"bio-projects-text\">Based in Poland, European Union, our experience extends beyond to numerous European countries, as well as Africa and South America.<\/p>\n<\/div>\n<div class=\"bio-section-image\"><img decoding=\"async\" class=\"bio-image\" src=\"https:\/\/bio-proces.pl\/en\/wp-content\/uploads\/2025\/03\/20250323_154434-1.jpg\" alt=\"Bio-Proces Work 3\" \/><\/div>\n<\/div>\n<p><!-- Sekcje same tekstowe (pe\u0142na szeroko\u015b\u0107) --><\/p>\n<div class=\"bio-section bio-sustainability-section\">\n<h2 class=\"bio-sustainability-title\">Our Approach to Sustainability<\/h2>\n<p class=\"bio-sustainability-text\">Our approach embraces the principles of the circular economy, prioritizing the closure of resource loops and finding innovative ways to turn what others see as waste into valuable resources. Whether it\u2019s converting waste into heat, electricity, or soil-enriching products, we embed these transformative concepts into our projects. By doing so, we work to reduce waste and develop systems that foster resilience and environmental consciousness.<\/p>\n<p class=\"bio-sustainability-text\">With a diverse skill set that includes technology, project management, engineering, mechanical works, electrical works, commissioning, service, automation, and software development, our team tackles projects with confidence and precision.<\/p>\n<\/div>\n<div class=\"bio-section bio-innovation-section\">\n<h2 class=\"bio-innovation-title\">Innovation &amp; Decarbonization<\/h2>\n<p class=\"bio-innovation-text\">At Bio-Proces, innovation and sustainability lie at the core of our mission. We&#8217;re proud to contribute to decarbonization efforts by offering solutions that reduce emissions and promote a cleaner, greener planet. Let\u2019s work hand in hand to create a sustainable future full of possibilities!<\/p>\n<\/div>\n<p>[\/et_pb_text][\/et_pb_column][\/et_pb_row][\/et_pb_section]<\/p>\n","protected":false},"excerpt":{"rendered":"<p>Welcome to Bio-Proces! What sets us apart? We&#8217;re not afraid to take on new challenges. Since 2021, we\u2019ve been on a mission to help our clients implement innovative environmental solutions. Our roots run deep, with our specialists having been active in the market since 2010, amassing valuable experience in the industry. Their expertise allows us [&hellip;]<\/p>\n","protected":false},"author":1,"featured_media":0,"parent":0,"menu_order":0,"comment_status":"closed","ping_status":"closed","template":"","meta":{"_et_pb_use_builder":"on","_et_pb_old_content":"","_et_gb_content_width":"","footnotes":""},"class_list":["post-100311","page","type-page","status-publish","hentry"],"_links":{"self":[{"href":"https:\/\/bio-proces.pl\/en\/wp-json\/wp\/v2\/pages\/100311","targetHints":{"allow":["GET"]}}],"collection":[{"href":"https:\/\/bio-proces.pl\/en\/wp-json\/wp\/v2\/pages"}],"about":[{"href":"https:\/\/bio-proces.pl\/en\/wp-json\/wp\/v2\/types\/page"}],"author":[{"embeddable":true,"href":"https:\/\/bio-proces.pl\/en\/wp-json\/wp\/v2\/users\/1"}],"replies":[{"embeddable":true,"href":"https:\/\/bio-proces.pl\/en\/wp-json\/wp\/v2\/comments?post=100311"}],"version-history":[{"count":8,"href":"https:\/\/bio-proces.pl\/en\/wp-json\/wp\/v2\/pages\/100311\/revisions"}],"predecessor-version":[{"id":100700,"href":"https:\/\/bio-proces.pl\/en\/wp-json\/wp\/v2\/pages\/100311\/revisions\/100700"}],"wp:attachment":[{"href":"https:\/\/bio-proces.pl\/en\/wp-json\/wp\/v2\/media?parent=100311"}],"curies":[{"name":"wp","href":"https:\/\/api.w.org\/{rel}","templated":true}]}}