{"id":100311,"date":"2025-03-09T10:24:08","date_gmt":"2025-03-09T09:24:08","guid":{"rendered":"https:\/\/bio-proces.pl\/fr\/?page_id=100311"},"modified":"2025-06-16T09:19:12","modified_gmt":"2025-06-16T07:19:12","slug":"decouvrez-nous","status":"publish","type":"page","link":"https:\/\/bio-proces.pl\/fr\/decouvrez-nous\/","title":{"rendered":"D\u00e9couvrez-nous"},"content":{"rendered":"<p>[et_pb_section fb_built=&#8221;1&#8243; module_class=&#8221;dct_plx&#8221; _builder_version=&#8221;4.27.4&#8243; background_color=&#8221;rgba(8,7,7,0.66)&#8221; background_image=&#8221;https:\/\/bio-proces.pl\/fr\/wp-content\/uploads\/2025\/02\/farm-with-biogas-plant-converting-organic-waste-into-renewable-energy-reducing-emissions-1.jpg&#8221; background_blend=&#8221;overlay&#8221; global_colors_info=&#8221;{}&#8221;][et_pb_row column_structure=&#8221;1_2,1_2&#8243; use_custom_gutter=&#8221;on&#8221; gutter_width=&#8221;2&#8243; make_equal=&#8221;on&#8221; _builder_version=&#8221;4.16&#8243; width=&#8221;90%&#8221; max_width=&#8221;1170px&#8221; custom_padding=&#8221;0px||0px||true|false&#8221; global_colors_info=&#8221;{}&#8221;][et_pb_column type=&#8221;1_2&#8243; module_class=&#8221;dct_p_title&#8221; _builder_version=&#8221;4.16&#8243; global_colors_info=&#8221;{}&#8221;][et_pb_text _builder_version=&#8221;4.16&#8243; _dynamic_attributes=&#8221;content&#8221; global_colors_info=&#8221;{}&#8221;]@ET-DC@eyJkeW5hbWljIjp0cnVlLCJjb250ZW50IjoicG9zdF90aXRsZSIsInNldHRpbmdzIjp7ImJlZm9yZSI6IiIsImFmdGVyIjoiIn19@[\/et_pb_text][\/et_pb_column][et_pb_column type=&#8221;1_2&#8243; module_class=&#8221;dct_bdcm&#8221; _builder_version=&#8221;4.16&#8243; global_colors_info=&#8221;{}&#8221;][\/et_pb_column][\/et_pb_row][\/et_pb_section][et_pb_section fb_built=&#8221;1&#8243; _builder_version=&#8221;4.27.4&#8243; custom_padding=&#8221;40px||40px||true|false&#8221; global_colors_info=&#8221;{}&#8221;][et_pb_row custom_padding_last_edited=&#8221;off|desktop&#8221; module_id=&#8221;consulting&#8221; module_class=&#8221;consulting&#8221; _builder_version=&#8221;4.27.4&#8243; custom_padding=&#8221;0px||0px||true|false&#8221; custom_padding_tablet=&#8221;0px||0px||true|false&#8221; global_colors_info=&#8221;{}&#8221;][et_pb_column type=&#8221;4_4&#8243; _builder_version=&#8221;4.16&#8243; global_colors_info=&#8221;{}&#8221;][et_pb_text module_class=&#8221;dct_abt_txt&#8221; _builder_version=&#8221;4.27.4&#8243; global_colors_info=&#8221;{}&#8221;]<!-- Sekcja z obrazem i tekstem (zdj\u0119cia po jednej stronie) --><\/p>\n<div class=\"bio-section-row bio-intro-section\">\n<div class=\"bio-section-text\">\n<h2 class=\"bio-intro-title\">Bienvenue chez Bio-Proces !<\/h2>\n<p class=\"bio-intro-text\"><span class=\"bio-highlight\">Qu\u2019est-ce qui nous distingue ? Nous relevons sans crainte de nouveaux d\u00e9fis.<\/span><\/p>\n<p>Depuis 2021, notre mission est d\u2019accompagner nos clients dans la mise en \u0153uvre de solutions environnementales innovantes.<\/p>\n<p>Nos racines sont profondes \u2013 nos sp\u00e9cialistes sont pr\u00e9sents sur le march\u00e9 depuis 2010, accumulant une expertise pr\u00e9cieuse dans le domaine.<\/p>\n<p>Gr\u00e2ce \u00e0 leur savoir-faire, nous proposons des solutions fiables et de haute qualit\u00e9, adapt\u00e9es \u00e0 vos besoins.<\/p>\n<\/div>\n<div class=\"bio-section-image\"><img decoding=\"async\" src=\"https:\/\/bio-proces.pl\/fr\/wp-content\/uploads\/2025\/03\/20250312_115225-2.jpg\" alt=\"Bio-Proces Work 1\" class=\"bio-image\" \/><\/div>\n<\/div>\n<div class=\"bio-section-row bio-team-section\">\n<div class=\"bio-section-image\"><img decoding=\"async\" src=\"https:\/\/bio-proces.pl\/fr\/wp-content\/uploads\/2025\/03\/20250323_150542-1.jpg\" alt=\"Bio-Proces Work 2\" class=\"bio-image\" \/><\/div>\n<div class=\"bio-section-text\">\n<h2 class=\"bio-team-title\">Notre \u00e9quipe<\/h2>\n<p class=\"bio-team-text\">Notre force r\u00e9side dans une \u00e9quipe de professionnels engag\u00e9s, mettant leur savoir-faire et leur qu\u00eate d\u2019excellence au service de chaque projet.<\/p>\n<p>Lorsque cela est n\u00e9cessaire, nous int\u00e9grons ais\u00e9ment des sp\u00e9cialistes qualifi\u00e9s suppl\u00e9mentaires, garantissant que chaque mission dispose des experts adapt\u00e9s, quelle que soit sa complexit\u00e9 ou son envergure.<\/p>\n<\/div>\n<\/div>\n<div class=\"bio-section-row bio-projects-section\">\n<div class=\"bio-section-text\">\n<h2 class=\"bio-projects-title\">Nos projets et services<\/h2>\n<p class=\"bio-projects-text\">Des installations de biogaz au traitement des eaux us\u00e9es, des syst\u00e8mes de r\u00e9utilisation de l\u2019eau aux unit\u00e9s de pasteurisation et aux solutions de d\u00e9sodorisation, nous d\u00e9veloppons des technologies qui ont un v\u00e9ritable impact.<\/p>\n<p class=\"bio-projects-text\">Nous op\u00e9rons dans les secteurs agricole, industriel et municipal, en proposant \u00e0 la fois des \u00e9quipements con\u00e7us et fabriqu\u00e9s par nous ainsi que des projets cl\u00e9s en main et un accompagnement technique fiable.<\/p>\n<p class=\"bio-projects-text\">Bas\u00e9s en Pologne, au sein de l\u2019Union Europ\u00e9enne, notre expertise s\u2019\u00e9tend bien au-del\u00e0 de l\u2019Europe, jusqu\u2019en Afrique et en Am\u00e9rique du Sud.<\/p>\n<\/div>\n<div class=\"bio-section-image\"><img decoding=\"async\" src=\"https:\/\/bio-proces.pl\/fr\/wp-content\/uploads\/2025\/03\/20250323_154434-1.jpg\" alt=\"Bio-Proces Work 3\" class=\"bio-image\" \/><\/div>\n<\/div>\n<p><!-- Sekcje same tekstowe (pe\u0142na szeroko\u015b\u0107) --><\/p>\n<div class=\"bio-section bio-sustainability-section\">\n<h2 class=\"bio-sustainability-title\">Notre approche du d\u00e9veloppement durable<\/h2>\n<p class=\"bio-sustainability-text\">Notre philosophie repose sur les principes de l\u2019\u00e9conomie circulaire, en mettant l\u2019accent sur l\u2019utilisation optimale des ressources et sur des solutions innovantes permettant de transformer ce que certains consid\u00e8rent comme des d\u00e9chets en mati\u00e8res premi\u00e8res pr\u00e9cieuses.<\/p>\n<p class=\"bio-sustainability-text\">Que ce soit par la conversion des d\u00e9chets en chaleur, en \u00e9lectricit\u00e9 ou en produits enrichissant les sols, nous int\u00e9grons ces concepts r\u00e9volutionnaires dans nos projets.<\/p>\n<p class=\"bio-sustainability-text\">Ainsi, nous ne nous contentons pas de r\u00e9duire les d\u00e9chets, mais nous cr\u00e9ons \u00e9galement des syst\u00e8mes qui renforcent la r\u00e9silience environnementale et favorisent une meilleure conscience \u00e9cologique.<\/p>\n<p class=\"bio-sustainability-text\">Gr\u00e2ce \u00e0 nos comp\u00e9tences vari\u00e9es en technologie, gestion de projet, ing\u00e9nierie, travaux m\u00e9caniques et \u00e9lectriques, mise en service, maintenance, automatisation et d\u00e9veloppement logiciel, notre \u00e9quipe r\u00e9alise chaque projet avec expertise et pr\u00e9cision.<\/p>\n<\/div>\n<div class=\"bio-section bio-innovation-section\">\n<h2 class=\"bio-innovation-title\">Innovation et d\u00e9carbonation<\/h2>\n<p class=\"bio-innovation-text\">Chez Bio-Proces, l\u2019innovation et le d\u00e9veloppement durable sont au c\u0153ur de notre mission.<\/p>\n<p class=\"bio-innovation-text\">Nous sommes fiers de participer activement aux initiatives de d\u00e9carbonation en proposant des solutions qui r\u00e9duisent les \u00e9missions et favorisent un monde plus propre et plus respectueux de l\u2019environnement.<\/p>\n<p class=\"bio-innovation-text\">Ensemble, nous construisons un avenir durable et riche en perspectives.<\/p>\n<\/div>\n<p>[\/et_pb_text][\/et_pb_column][\/et_pb_row][\/et_pb_section]<\/p>\n","protected":false},"excerpt":{"rendered":"<p>Bienvenue chez Bio-Proces ! Qu\u2019est-ce qui nous distingue ? Nous relevons sans crainte de nouveaux d\u00e9fis. Depuis 2021, notre mission est d\u2019accompagner nos clients dans la mise en \u0153uvre de solutions environnementales innovantes. Nos racines sont profondes \u2013 nos sp\u00e9cialistes sont pr\u00e9sents sur le march\u00e9 depuis 2010, accumulant une expertise pr\u00e9cieuse dans le domaine. Gr\u00e2ce [&hellip;]<\/p>\n","protected":false},"author":1,"featured_media":0,"parent":0,"menu_order":0,"comment_status":"closed","ping_status":"closed","template":"","meta":{"_et_pb_use_builder":"on","_et_pb_old_content":"","_et_gb_content_width":"","footnotes":""},"class_list":["post-100311","page","type-page","status-publish","hentry"],"_links":{"self":[{"href":"https:\/\/bio-proces.pl\/fr\/wp-json\/wp\/v2\/pages\/100311","targetHints":{"allow":["GET"]}}],"collection":[{"href":"https:\/\/bio-proces.pl\/fr\/wp-json\/wp\/v2\/pages"}],"about":[{"href":"https:\/\/bio-proces.pl\/fr\/wp-json\/wp\/v2\/types\/page"}],"author":[{"embeddable":true,"href":"https:\/\/bio-proces.pl\/fr\/wp-json\/wp\/v2\/users\/1"}],"replies":[{"embeddable":true,"href":"https:\/\/bio-proces.pl\/fr\/wp-json\/wp\/v2\/comments?post=100311"}],"version-history":[{"count":14,"href":"https:\/\/bio-proces.pl\/fr\/wp-json\/wp\/v2\/pages\/100311\/revisions"}],"predecessor-version":[{"id":100788,"href":"https:\/\/bio-proces.pl\/fr\/wp-json\/wp\/v2\/pages\/100311\/revisions\/100788"}],"wp:attachment":[{"href":"https:\/\/bio-proces.pl\/fr\/wp-json\/wp\/v2\/media?parent=100311"}],"curies":[{"name":"wp","href":"https:\/\/api.w.org\/{rel}","templated":true}]}}