{"id":100359,"date":"2025-03-09T11:36:40","date_gmt":"2025-03-09T10:36:40","guid":{"rendered":"https:\/\/bio-proces.pl\/fr\/?page_id=100359"},"modified":"2025-06-06T08:29:48","modified_gmt":"2025-06-06T06:29:48","slug":"projets","status":"publish","type":"page","link":"https:\/\/bio-proces.pl\/fr\/projets\/","title":{"rendered":"Projets"},"content":{"rendered":"<p>[et_pb_section fb_built=&#8221;1&#8243; module_class=&#8221;dct_plx&#8221; _builder_version=&#8221;4.27.4&#8243; background_color=&#8221;rgba(8,7,7,0.66)&#8221; background_image=&#8221;https:\/\/bio-proces.pl\/fr\/wp-content\/uploads\/2025\/03\/22623541.jpg&#8221; background_blend=&#8221;overlay&#8221; global_colors_info=&#8221;{}&#8221;][et_pb_row column_structure=&#8221;1_2,1_2&#8243; use_custom_gutter=&#8221;on&#8221; gutter_width=&#8221;2&#8243; make_equal=&#8221;on&#8221; _builder_version=&#8221;4.16&#8243; width=&#8221;90%&#8221; max_width=&#8221;1170px&#8221; custom_padding=&#8221;0px||0px||true|false&#8221; global_colors_info=&#8221;{}&#8221;][et_pb_column type=&#8221;1_2&#8243; module_class=&#8221;dct_p_title&#8221; _builder_version=&#8221;4.16&#8243; global_colors_info=&#8221;{}&#8221;][et_pb_text _builder_version=&#8221;4.16&#8243; _dynamic_attributes=&#8221;content&#8221; global_colors_info=&#8221;{}&#8221;]@ET-DC@eyJkeW5hbWljIjp0cnVlLCJjb250ZW50IjoicG9zdF90aXRsZSIsInNldHRpbmdzIjp7ImJlZm9yZSI6IiIsImFmdGVyIjoiIn19@[\/et_pb_text][\/et_pb_column][et_pb_column type=&#8221;1_2&#8243; module_class=&#8221;dct_bdcm&#8221; _builder_version=&#8221;4.16&#8243; global_colors_info=&#8221;{}&#8221;][\/et_pb_column][\/et_pb_row][\/et_pb_section][et_pb_section fb_built=&#8221;1&#8243; _builder_version=&#8221;4.27.4&#8243; background_color=&#8221;#f2f2f2&#8243; background_enable_image=&#8221;off&#8221; parallax=&#8221;on&#8221; parallax_method=&#8221;off&#8221; custom_padding=&#8221;0px||40px||false|false&#8221; custom_css_main_element=&#8221;backgrou&#8221; global_colors_info=&#8221;{}&#8221;][et_pb_row column_structure=&#8221;1_3,1_3,1_3&#8243; use_custom_gutter=&#8221;on&#8221; gutter_width=&#8221;2&#8243; custom_padding_last_edited=&#8221;on|phone&#8221; _builder_version=&#8221;4.22.1&#8243; width=&#8221;90%&#8221; max_width=&#8221;1170px&#8221; custom_padding=&#8221;||0px||false|false&#8221; custom_padding_tablet=&#8221;&#8221; custom_padding_phone=&#8221;||0px||false|false&#8221; global_colors_info=&#8221;{}&#8221;][et_pb_column type=&#8221;1_3&#8243; _builder_version=&#8221;4.22.1&#8243; custom_padding=&#8221;70px||||false|false&#8221; custom_padding_tablet=&#8221;0px||||false|false&#8221; custom_padding_phone=&#8221;0px||||false|false&#8221; custom_padding_last_edited=&#8221;on|tablet&#8221; global_colors_info=&#8221;{}&#8221;][et_pb_blurb title=&#8221;Livraison technologique&#8221; url=&#8221;#technological&#8221; image=&#8221;https:\/\/bio-proces.pl\/fr\/wp-content\/uploads\/2025\/02\/qualification_12088176-1.png&#8221; icon_placement=&#8221;left&#8221; module_class=&#8221;dct_hero_hover&#8221; _builder_version=&#8221;4.27.4&#8243; header_text_color=&#8221;#000000&#8243; body_text_color=&#8221;#000000&#8243; custom_margin=&#8221;||0px||false|false&#8221; custom_padding=&#8221;||0px||false|false&#8221; link_option_url=&#8221;#technological&#8221; hover_enabled=&#8221;0&#8243; global_colors_info=&#8221;{}&#8221; sticky_enabled=&#8221;0&#8243;]<\/p>\n<p style=\"text-align: left;\"><span style=\"color: #000000;\">Nous excellons dans la fourniture de solutions technologiques optimales adapt\u00e9es aux exigences uniques de votre projet.<br \/>\n<\/span><\/p>\n<p>[\/et_pb_blurb][et_pb_blurb title=&#8221;Installation \u00e9lectrique et automatisation &#8221; url=&#8221;#electrical&#8221; image=&#8221;https:\/\/bio-proces.pl\/fr\/wp-content\/uploads\/2025\/03\/fuse-box_9349109-1.png&#8221; icon_placement=&#8221;left&#8221; module_class=&#8221;dct_hero_hover&#8221; _builder_version=&#8221;4.27.4&#8243; header_text_color=&#8221;#000000&#8243; body_text_color=&#8221;#000000&#8243; custom_margin=&#8221;||0px||false|false&#8221; custom_padding=&#8221;||0px||false|false&#8221; link_option_url=&#8221;#electrical&#8221; hover_enabled=&#8221;0&#8243; global_colors_info=&#8221;{}&#8221; sticky_enabled=&#8221;0&#8243;]<span style=\"color: #000000;\">Notre \u00e9quipe propose des solutions adapt\u00e9es en installation \u00e9lectrique et automatisation afin d\u2019assurer le fonctionnement fluide et efficace de votre projet.<br \/>\n<\/span>[\/et_pb_blurb][\/et_pb_column][et_pb_column type=&#8221;1_3&#8243; module_class=&#8221;dct_center_hero&#8221; _builder_version=&#8221;4.22.1&#8243; global_colors_info=&#8221;{}&#8221;][et_pb_image src=&#8221;https:\/\/bio-proces.pl\/fr\/wp-content\/uploads\/2025\/03\/27172626-modified.png&#8221; title_text=&#8221;27172626-modified&#8221; show_bottom_space=&#8221;off&#8221; align=&#8221;center&#8221; disabled_on=&#8221;on|on|off&#8221; _builder_version=&#8221;4.27.4&#8243; _module_preset=&#8221;default&#8221; positioning=&#8221;absolute&#8221; position_origin_a=&#8221;top_center&#8221; vertical_offset=&#8221;-150px&#8221; width=&#8221;250px&#8221; border_radii=&#8221;on|100%|100%|100%|100%&#8221; global_colors_info=&#8221;{}&#8221;][\/et_pb_image][et_pb_blurb title=&#8221;Projets&#8221; image=&#8221;https:\/\/bio-proces.pl\/fr\/wp-content\/uploads\/2025\/03\/blueprint_1814430.png&#8221; _builder_version=&#8221;4.27.4&#8243; text_orientation=&#8221;center&#8221; hover_enabled=&#8221;0&#8243; custom_css_blurb_image=&#8221;width: 100px;|| text-align: center;|| height: 100px;|| position: relative;|| background: var(&#8211;color-1);|| border-radius: 5px;|| padding: 18px;&#8221; global_colors_info=&#8221;{}&#8221; sticky_enabled=&#8221;0&#8243;]<\/p>\n<h3><a href=\"#turn-key\">Projets cl\u00e9 en main<br \/>\n<\/a><\/h3>\n<p>[\/et_pb_blurb][\/et_pb_column][et_pb_column type=&#8221;1_3&#8243; _builder_version=&#8221;4.16&#8243; custom_padding=&#8221;70px||||false|false&#8221; custom_padding_tablet=&#8221;0px||||false|false&#8221; custom_padding_phone=&#8221;0px||||false|false&#8221; custom_padding_last_edited=&#8221;on|tablet&#8221; global_colors_info=&#8221;{}&#8221;][et_pb_blurb title=&#8221;Installation m\u00e9canique &#8221; url=&#8221;#mechanical&#8221; image=&#8221;https:\/\/bio-proces.pl\/fr\/wp-content\/uploads\/2025\/02\/operator_2823617-1.png&#8221; icon_placement=&#8221;left&#8221; module_class=&#8221;dct_hero_hover&#8221; _builder_version=&#8221;4.27.4&#8243; header_text_color=&#8221;#000000&#8243; body_text_color=&#8221;#000000&#8243; custom_margin=&#8221;||0px||false|false&#8221; custom_padding=&#8221;||0px||false|false&#8221; link_option_url=&#8221;#mechanical&#8221; hover_enabled=&#8221;0&#8243; global_colors_info=&#8221;{}&#8221; sticky_enabled=&#8221;0&#8243;]<span style=\"color: #000000;\">Nous fournissons des services d\u2019installation m\u00e9canique experts afin d\u2019assurer la r\u00e9alisation harmonieuse de votre projet.<\/span>[\/et_pb_blurb][et_pb_blurb title=&#8221;Mise en service&#8221; url=&#8221;#commissioning&#8221; image=&#8221;https:\/\/bio-proces.pl\/fr\/wp-content\/uploads\/2025\/02\/settings_2721691-1.png&#8221; icon_placement=&#8221;left&#8221; module_class=&#8221;dct_hero_hover&#8221; _builder_version=&#8221;4.27.4&#8243; header_text_color=&#8221;#000000&#8243; body_text_color=&#8221;#000000&#8243; custom_margin=&#8221;||0px||false|false&#8221; custom_padding=&#8221;||0px||false|false&#8221; link_option_url=&#8221;#commissioning&#8221; hover_enabled=&#8221;0&#8243; global_colors_info=&#8221;{}&#8221; sticky_enabled=&#8221;0&#8243;]<span style=\"color: #000000;\">Notre processus de mise en service assure que votre projet est pleinement op\u00e9rationnel et fonctionne \u00e0 son meilleur niveau.<\/span>[\/et_pb_blurb][\/et_pb_column][\/et_pb_row][\/et_pb_section][et_pb_section fb_built=&#8221;1&#8243; _builder_version=&#8221;4.27.4&#8243; custom_padding=&#8221;40px||40px||true|false&#8221; global_colors_info=&#8221;{}&#8221;][et_pb_row column_structure=&#8221;1_2,1_2&#8243; custom_padding_last_edited=&#8221;off|desktop&#8221; module_id=&#8221;technological&#8221; module_class=&#8221;technological&#8221; _builder_version=&#8221;4.27.4&#8243; custom_padding=&#8221;0px||0px||true|false&#8221; custom_padding_tablet=&#8221;0px||0px||true|false&#8221; global_colors_info=&#8221;{}&#8221;][et_pb_column type=&#8221;1_2&#8243; _builder_version=&#8221;4.16&#8243; global_colors_info=&#8221;{}&#8221;][et_pb_text _builder_version=&#8221;4.27.4&#8243; header_6_font_size=&#8221;24px&#8221; custom_margin=&#8221;||9px||false|false&#8221; hover_enabled=&#8221;0&#8243; global_colors_info=&#8221;{}&#8221; sticky_enabled=&#8221;0&#8243;]<\/p>\n<h6>Livraison technologique<br \/>\n<\/h6>\n<p>[\/et_pb_text][et_pb_text module_class=&#8221;dct_abt_txt&#8221; _builder_version=&#8221;4.27.4&#8243; hover_enabled=&#8221;0&#8243; global_colors_info=&#8221;{}&#8221; sticky_enabled=&#8221;0&#8243;]<\/p>\n<p style=\"text-align: justify;\">Nous nous distinguons par la fourniture de solutions technologiques optimales, adapt\u00e9es aux exigences sp\u00e9cifiques de votre projet. De la conception et de l\u2019ing\u00e9nierie initiales \u00e0 la production d\u2019\u00e9quipements, \u00e0 l\u2019approvisionnement et \u00e0 l\u2019int\u00e9gration des syst\u00e8mes, nous g\u00e9rons chaque aspect avec rigueur et expertise.<br \/>Notre \u00e9quipe poss\u00e8de une connaissance approfondie de divers secteurs, notamment industriel, agricole et municipal, ce qui nous permet de proposer des solutions \u00e0 la fois innovantes et pragmatiques. Gr\u00e2ce \u00e0 nos capacit\u00e9s de fabrication internes et \u00e0 nos partenariats de confiance avec des fournisseurs leaders, nous garantissons une qualit\u00e9 sup\u00e9rieure, une durabilit\u00e9 exceptionnelle et des performances optimales pour chaque composant.<br \/>Faites confiance \u00e0 notre savoir-faire pour favoriser l\u2019innovation, assurer la fiabilit\u00e9 et garantir le succ\u00e8s \u00e0 chaque \u00e9tape de votre projet.<\/p>\n<p>[\/et_pb_text][\/et_pb_column][et_pb_column type=&#8221;1_2&#8243; _builder_version=&#8221;4.16&#8243; global_colors_info=&#8221;{}&#8221;][et_pb_image src=&#8221;https:\/\/bio-proces.pl\/fr\/wp-content\/uploads\/2025\/03\/image011.jpg&#8221; title_text=&#8221;image011&#8243; _builder_version=&#8221;4.27.4&#8243; _module_preset=&#8221;default&#8221; box_shadow_style=&#8221;preset2&#8243; global_colors_info=&#8221;{}&#8221;][\/et_pb_image][\/et_pb_column][\/et_pb_row][et_pb_row column_structure=&#8221;1_2,1_2&#8243; custom_padding_last_edited=&#8221;off|desktop&#8221; module_id=&#8221;mechanical&#8221; module_class=&#8221;mechanical, reverse &#8221; _builder_version=&#8221;4.27.4&#8243; custom_padding=&#8221;40px||40px||true|false&#8221; custom_padding_tablet=&#8221;0px||0px||true|false&#8221; global_colors_info=&#8221;{}&#8221;][et_pb_column type=&#8221;1_2&#8243; _builder_version=&#8221;4.16&#8243; global_colors_info=&#8221;{}&#8221;][et_pb_image src=&#8221;https:\/\/bio-proces.pl\/fr\/wp-content\/uploads\/2025\/05\/20250507_153129.jpg&#8221; title_text=&#8221;20250507_153129&#8243; _builder_version=&#8221;4.27.4&#8243; _module_preset=&#8221;default&#8221; custom_margin_tablet=&#8221;&#8221; custom_margin_phone=&#8221;20px||||false|false&#8221; custom_margin_last_edited=&#8221;on|phone&#8221; box_shadow_style=&#8221;preset2&#8243; global_colors_info=&#8221;{}&#8221;][\/et_pb_image][\/et_pb_column][et_pb_column type=&#8221;1_2&#8243; _builder_version=&#8221;4.16&#8243; global_colors_info=&#8221;{}&#8221;][et_pb_text _builder_version=&#8221;4.27.4&#8243; header_6_font_size=&#8221;24px&#8221; custom_margin=&#8221;||9px||false|false&#8221; hover_enabled=&#8221;0&#8243; global_colors_info=&#8221;{}&#8221; sticky_enabled=&#8221;0&#8243;]<\/p>\n<h6>Installation m\u00e9canique<br \/>\n<\/h6>\n<p>[\/et_pb_text][et_pb_text module_class=&#8221;dct_abt_txt&#8221; _builder_version=&#8221;4.27.4&#8243; hover_enabled=&#8221;0&#8243; global_colors_info=&#8221;{}&#8221; sticky_enabled=&#8221;0&#8243;]<\/p>\n<p style=\"text-align: justify;\">Nous offrons des services sp\u00e9cialis\u00e9s en installation m\u00e9canique pour garantir une mise en \u0153uvre fluide et efficace de votre projet. Du montage de syst\u00e8mes complexes \u00e0 l\u2019installation pr\u00e9cise d\u2019\u00e9quipements, notre \u00e9quipe met \u00e0 profit son expertise approfondie pour chaque t\u00e2che.<br \/>Anim\u00e9s par un engagement envers l\u2019excellence et le respect des normes industrielles, nous concevons des installations fiables et performantes. Gr\u00e2ce \u00e0 notre vaste exp\u00e9rience dans divers secteurs, nous d\u00e9veloppons des solutions adapt\u00e9es aux exigences sp\u00e9cifiques de chaque client.<br \/>En conjuguant rigueur technique et souci du d\u00e9tail, nous nous assurons que chaque phase du projet est ex\u00e9cut\u00e9e avec une pr\u00e9cision irr\u00e9prochable.<\/p>\n<p>[\/et_pb_text][\/et_pb_column][\/et_pb_row][et_pb_row column_structure=&#8221;1_2,1_2&#8243; custom_padding_last_edited=&#8221;off|desktop&#8221; module_id=&#8221;electrical&#8221; module_class=&#8221;electrical&#8221; _builder_version=&#8221;4.27.4&#8243; custom_padding=&#8221;0px||0px||true|false&#8221; custom_padding_tablet=&#8221;0px||0px||true|false&#8221; global_colors_info=&#8221;{}&#8221;][et_pb_column type=&#8221;1_2&#8243; _builder_version=&#8221;4.16&#8243; global_colors_info=&#8221;{}&#8221;][et_pb_text _builder_version=&#8221;4.27.4&#8243; header_6_font_size=&#8221;24px&#8221; custom_margin=&#8221;||9px||false|false&#8221; hover_enabled=&#8221;0&#8243; global_colors_info=&#8221;{}&#8221; sticky_enabled=&#8221;0&#8243;]<\/p>\n<h6>Installation \u00e9lectrique et automatisation<br \/>\n<\/h6>\n<p>[\/et_pb_text][et_pb_text module_class=&#8221;dct_abt_txt&#8221; _builder_version=&#8221;4.27.4&#8243; hover_enabled=&#8221;0&#8243; global_colors_info=&#8221;{}&#8221; sticky_enabled=&#8221;0&#8243;]<\/p>\n<p style=\"text-align: justify;\">Solutions \u00e9lectriques et automatisation sur mesure \u2013 Notre \u00e9quipe con\u00e7oit des solutions adapt\u00e9es pour assurer un fonctionnement fluide et efficace de votre projet.<br \/>De la conception experte des syst\u00e8mes \u00e9lectriques \u00e0 la mise en \u0153uvre de technologies avanc\u00e9es d\u2019automatisation, nous mettons l\u2019accent sur la pr\u00e9cision et la fiabilit\u00e9. Nous d\u00e9veloppons et fabriquons nos propres e-panneaux \u00e9quip\u00e9s d\u2019interfaces homme-machine (HMI) et concevons des logiciels d\u2019automatisation sur mesure ainsi que des syst\u00e8mes SCADA, garantissant un contr\u00f4le optimal et une surveillance efficace des op\u00e9rations.<br \/>Nos solutions incluent \u00e9galement des capacit\u00e9s avanc\u00e9es de surveillance \u00e0 distance en ligne, vous permettant de superviser et de g\u00e9rer les processus en temps r\u00e9el, o\u00f9 que vous soyez, pour une efficacit\u00e9 et une r\u00e9activit\u00e9 accrues.<\/p>\n<p>[\/et_pb_text][\/et_pb_column][et_pb_column type=&#8221;1_2&#8243; _builder_version=&#8221;4.16&#8243; global_colors_info=&#8221;{}&#8221;][et_pb_image src=&#8221;https:\/\/bio-proces.pl\/fr\/wp-content\/uploads\/2025\/03\/electrical.png&#8221; title_text=&#8221;electrical&#8221; _builder_version=&#8221;4.27.4&#8243; _module_preset=&#8221;default&#8221; box_shadow_style=&#8221;preset2&#8243; global_colors_info=&#8221;{}&#8221;][\/et_pb_image][\/et_pb_column][\/et_pb_row][et_pb_row column_structure=&#8221;1_2,1_2&#8243; custom_padding_last_edited=&#8221;off|desktop&#8221; module_id=&#8221;commissioning&#8221; module_class=&#8221;commissioning, reverse &#8221; _builder_version=&#8221;4.27.4&#8243; custom_padding=&#8221;40px||40px||true|false&#8221; custom_padding_tablet=&#8221;0px||0px||true|false&#8221; global_colors_info=&#8221;{}&#8221;][et_pb_column type=&#8221;1_2&#8243; _builder_version=&#8221;4.16&#8243; global_colors_info=&#8221;{}&#8221;][et_pb_image src=&#8221;https:\/\/bio-proces.pl\/fr\/wp-content\/uploads\/2025\/05\/Zdjecie-WhatsApp-2025-02-21-o-14.30.04_49e92cc6.jpg&#8221; title_text=&#8221;Zdj\u0119cie WhatsApp 2025-02-21 o 14.30.04_49e92cc6&#8243; _builder_version=&#8221;4.27.4&#8243; _module_preset=&#8221;default&#8221; custom_margin_tablet=&#8221;&#8221; custom_margin_phone=&#8221;20px||||false|false&#8221; custom_margin_last_edited=&#8221;on|phone&#8221; box_shadow_style=&#8221;preset2&#8243; global_colors_info=&#8221;{}&#8221;][\/et_pb_image][\/et_pb_column][et_pb_column type=&#8221;1_2&#8243; _builder_version=&#8221;4.16&#8243; global_colors_info=&#8221;{}&#8221;][et_pb_text _builder_version=&#8221;4.27.4&#8243; header_6_font_size=&#8221;24px&#8221; custom_margin=&#8221;||9px||false|false&#8221; hover_enabled=&#8221;0&#8243; global_colors_info=&#8221;{}&#8221; sticky_enabled=&#8221;0&#8243;]<\/p>\n<h6>Mise en service<br \/>\n<\/h6>\n<p>[\/et_pb_text][et_pb_text module_class=&#8221;dct_abt_txt&#8221; _builder_version=&#8221;4.27.4&#8243; hover_enabled=&#8221;0&#8243; global_colors_info=&#8221;{}&#8221; sticky_enabled=&#8221;0&#8243;]<\/p>\n<p style=\"text-align: justify;\">De la r\u00e9alisation minutieuse des tests syst\u00e8me et des calibrations au r\u00e9glage pr\u00e9cis des \u00e9quipements et des processus, notre \u00e9quipe travaille avec rigueur pour assurer un fonctionnement fluide et sans interruption.<br \/>Nous pla\u00e7ons la s\u00e9curit\u00e9, l\u2019efficacit\u00e9 et la conformit\u00e9 aux normes industrielles au c\u0153ur de notre approche, tout en offrant une formation compl\u00e8te \u00e0 votre personnel afin qu\u2019il puisse g\u00e9rer et maintenir le syst\u00e8me en toute confiance.<br \/>Gr\u00e2ce \u00e0 notre approche globale, nous optimisons la performance, minimisons les temps d\u2019arr\u00eat et maximisons le retour sur investissement, assurant ainsi la durabilit\u00e9 et le succ\u00e8s de votre projet.<\/p>\n<p>[\/et_pb_text][\/et_pb_column][\/et_pb_row][et_pb_row column_structure=&#8221;1_2,1_2&#8243; custom_padding_last_edited=&#8221;off|desktop&#8221; module_id=&#8221;turn-key&#8221; module_class=&#8221;turn-key&#8221; _builder_version=&#8221;4.27.4&#8243; custom_padding=&#8221;0px||0px||true|false&#8221; custom_padding_tablet=&#8221;0px||0px||true|false&#8221; global_colors_info=&#8221;{}&#8221;][et_pb_column type=&#8221;1_2&#8243; _builder_version=&#8221;4.16&#8243; global_colors_info=&#8221;{}&#8221;][et_pb_text _builder_version=&#8221;4.27.4&#8243; header_6_font_size=&#8221;24px&#8221; custom_margin=&#8221;||9px||false|false&#8221; hover_enabled=&#8221;0&#8243; global_colors_info=&#8221;{}&#8221; sticky_enabled=&#8221;0&#8243;]<\/p>\n<h6>Projets cl\u00e9 en main<br \/>\n<\/h6>\n<p>[\/et_pb_text][et_pb_text module_class=&#8221;dct_abt_txt&#8221; _builder_version=&#8221;4.27.4&#8243; hover_enabled=&#8221;0&#8243; global_colors_info=&#8221;{}&#8221; sticky_enabled=&#8221;0&#8243;]<\/p>\n<p style=\"text-align: justify;\">Nous g\u00e9rons chaque phase de votre projet, de la conception \u00e0 la r\u00e9alisation, en vous offrant une approche enti\u00e8rement int\u00e9gr\u00e9e.<br \/>Notre expertise couvre la conception, l\u2019ing\u00e9nierie, la fabrication d\u2019\u00e9quipements, l\u2019installation et la mise en service, garantissant une exp\u00e9rience fluide et sans tracas pour l\u2019Acheteur.<br \/>En prenant en charge tous les aspects du projet, nous assurons des r\u00e9sultats de haute qualit\u00e9, parfaitement adapt\u00e9s \u00e0 vos besoins sp\u00e9cifiques.<br \/>Gr\u00e2ce \u00e0 notre approche globale, vous optimisez votre temps et vos ressources tout en maximisant l\u2019efficacit\u00e9 et la performance.<br \/>Faites-nous confiance pour livrer des solutions pr\u00eates \u00e0 fonctionner, g\u00e9n\u00e9rant des r\u00e9sultats mesurables et une valeur durable.<\/p>\n<p>[\/et_pb_text][\/et_pb_column][et_pb_column type=&#8221;1_2&#8243; _builder_version=&#8221;4.16&#8243; global_colors_info=&#8221;{}&#8221;][et_pb_image src=&#8221;https:\/\/bio-proces.pl\/fr\/wp-content\/uploads\/2025\/03\/image012.jpg&#8221; title_text=&#8221;image012&#8243; _builder_version=&#8221;4.27.4&#8243; _module_preset=&#8221;default&#8221; box_shadow_style=&#8221;preset2&#8243; global_colors_info=&#8221;{}&#8221;][\/et_pb_image][\/et_pb_column][\/et_pb_row][\/et_pb_section]<\/p>\n","protected":false},"excerpt":{"rendered":"<p>Nous excellons dans la fourniture de solutions technologiques optimales adapt\u00e9es aux exigences uniques de votre projet. Notre \u00e9quipe propose des solutions adapt\u00e9es en installation \u00e9lectrique et automatisation afin d\u2019assurer le fonctionnement fluide et efficace de votre projet. Projets cl\u00e9 en main Nous fournissons des services d\u2019installation m\u00e9canique experts afin d\u2019assurer la r\u00e9alisation harmonieuse de votre [&hellip;]<\/p>\n","protected":false},"author":1,"featured_media":0,"parent":0,"menu_order":0,"comment_status":"closed","ping_status":"closed","template":"","meta":{"_et_pb_use_builder":"on","_et_pb_old_content":"","_et_gb_content_width":"","footnotes":""},"class_list":["post-100359","page","type-page","status-publish","hentry"],"_links":{"self":[{"href":"https:\/\/bio-proces.pl\/fr\/wp-json\/wp\/v2\/pages\/100359","targetHints":{"allow":["GET"]}}],"collection":[{"href":"https:\/\/bio-proces.pl\/fr\/wp-json\/wp\/v2\/pages"}],"about":[{"href":"https:\/\/bio-proces.pl\/fr\/wp-json\/wp\/v2\/types\/page"}],"author":[{"embeddable":true,"href":"https:\/\/bio-proces.pl\/fr\/wp-json\/wp\/v2\/users\/1"}],"replies":[{"embeddable":true,"href":"https:\/\/bio-proces.pl\/fr\/wp-json\/wp\/v2\/comments?post=100359"}],"version-history":[{"count":25,"href":"https:\/\/bio-proces.pl\/fr\/wp-json\/wp\/v2\/pages\/100359\/revisions"}],"predecessor-version":[{"id":100737,"href":"https:\/\/bio-proces.pl\/fr\/wp-json\/wp\/v2\/pages\/100359\/revisions\/100737"}],"wp:attachment":[{"href":"https:\/\/bio-proces.pl\/fr\/wp-json\/wp\/v2\/media?parent=100359"}],"curies":[{"name":"wp","href":"https:\/\/api.w.org\/{rel}","templated":true}]}}