{"id":93222,"date":"2021-09-08T06:19:00","date_gmt":"2021-09-08T06:19:00","guid":{"rendered":"https:\/\/electrician.divifixer.com\/?page_id=4394378"},"modified":"2025-06-06T08:43:14","modified_gmt":"2025-06-06T06:43:14","slug":"service","status":"publish","type":"page","link":"https:\/\/bio-proces.pl\/fr\/service\/","title":{"rendered":"Service"},"content":{"rendered":"<p>[et_pb_section fb_built=&#8221;1&#8243; module_class=&#8221;dct_plx&#8221; _builder_version=&#8221;4.27.4&#8243; background_color=&#8221;rgba(8,7,7,0.66)&#8221; background_image=&#8221;https:\/\/bio-proces.pl\/fr\/wp-content\/uploads\/2025\/02\/farm-with-biogas-plant-converting-organic-waste-into-renewable-energy-reducing-emissions-1.jpg&#8221; background_blend=&#8221;overlay&#8221; global_colors_info=&#8221;{}&#8221;][et_pb_row column_structure=&#8221;1_2,1_2&#8243; use_custom_gutter=&#8221;on&#8221; gutter_width=&#8221;2&#8243; make_equal=&#8221;on&#8221; _builder_version=&#8221;4.16&#8243; width=&#8221;90%&#8221; max_width=&#8221;1170px&#8221; custom_padding=&#8221;0px||0px||true|false&#8221; global_colors_info=&#8221;{}&#8221;][et_pb_column type=&#8221;1_2&#8243; module_class=&#8221;dct_p_title&#8221; _builder_version=&#8221;4.16&#8243; global_colors_info=&#8221;{}&#8221;][et_pb_text _builder_version=&#8221;4.16&#8243; _dynamic_attributes=&#8221;content&#8221; global_colors_info=&#8221;{}&#8221;]@ET-DC@eyJkeW5hbWljIjp0cnVlLCJjb250ZW50IjoicG9zdF90aXRsZSIsInNldHRpbmdzIjp7ImJlZm9yZSI6IiIsImFmdGVyIjoiIn19@[\/et_pb_text][\/et_pb_column][et_pb_column type=&#8221;1_2&#8243; module_class=&#8221;dct_bdcm&#8221; _builder_version=&#8221;4.16&#8243; global_colors_info=&#8221;{}&#8221;][et_pb_button button_text=&#8221;Appelez notre service pour une assistance rapide : +48 455 408 189&#8243; button_alignment=&#8221;right&#8221; button_alignment_tablet=&#8221;center&#8221; button_alignment_phone=&#8221;&#8221; button_alignment_last_edited=&#8221;on|tablet&#8221; module_class=&#8221;dct_ft_btn&#8221; _builder_version=&#8221;4.27.4&#8243; custom_button=&#8221;on&#8221; button_text_size=&#8221;10px&#8221; custom_margin=&#8221;0px||||false|false&#8221; hover_enabled=&#8221;0&#8243; global_colors_info=&#8221;{}&#8221; sticky_enabled=&#8221;0&#8243;][\/et_pb_button][\/et_pb_column][\/et_pb_row][\/et_pb_section][et_pb_section fb_built=&#8221;1&#8243; _builder_version=&#8221;4.27.4&#8243; custom_padding=&#8221;40px||40px||true|false&#8221; global_colors_info=&#8221;{}&#8221;][et_pb_row column_structure=&#8221;1_3,1_3,1_3&#8243; make_equal=&#8221;on&#8221; custom_padding_last_edited=&#8221;off|desktop&#8221; module_id=&#8221;consulting&#8221; module_class=&#8221;consulting&#8221; _builder_version=&#8221;4.27.4&#8243; custom_padding=&#8221;0px||0px||true|false&#8221; custom_padding_tablet=&#8221;0px||0px||true|false&#8221; global_colors_info=&#8221;{}&#8221;][et_pb_column type=&#8221;1_3&#8243; _builder_version=&#8221;4.27.4&#8243; custom_padding=&#8221;10px|10px|10px|10px|true|true&#8221; box_shadow_style=&#8221;preset1&#8243; global_colors_info=&#8221;{}&#8221;][et_pb_image src=&#8221;https:\/\/bio-proces.pl\/fr\/wp-content\/uploads\/2025\/03\/20250323_150217.jpg&#8221; title_text=&#8221;20250323_150217&#8243; _builder_version=&#8221;4.27.4&#8243; _module_preset=&#8221;default&#8221; box_shadow_style=&#8221;preset2&#8243; global_colors_info=&#8221;{}&#8221;][\/et_pb_image][et_pb_text _builder_version=&#8221;4.27.4&#8243; header_6_text_align=&#8221;center&#8221; header_6_font_size=&#8221;20px&#8221; custom_margin=&#8221;||9px||false|false&#8221; hover_enabled=&#8221;0&#8243; global_colors_info=&#8221;{}&#8221; sticky_enabled=&#8221;0&#8243;]<\/p>\n<h6>Service m\u00e9canique<br \/>\n<\/h6>\n<p>[\/et_pb_text][et_pb_text module_class=&#8221;dct_abt_txt&#8221; _builder_version=&#8221;4.27.4&#8243; hover_enabled=&#8221;0&#8243; global_colors_info=&#8221;{}&#8221; sticky_enabled=&#8221;0&#8243;]<\/p>\n<p style=\"text-align: justify;\">Bio-Proces propose une large gamme de services m\u00e9caniques, disponibles aussi bien en maintenance programm\u00e9e qu\u2019en assistance rapide en cas de panne d\u2019\u00e9quipement.<br \/>Notre expertise couvre l\u2019entretien des pompes, des m\u00e9langeurs et de divers autres \u00e9quipements essentiels \u00e0 votre activit\u00e9.<br \/>De plus, nous offrons des services de soudure sp\u00e9cialis\u00e9s, travaillant avec de l\u2019acier au carbone et de l\u2019acier inoxydable afin de r\u00e9pondre aux normes de qualit\u00e9 les plus \u00e9lev\u00e9es.<br \/>Avec un accent sur la pr\u00e9cision et la durabilit\u00e9, Bio-Proces s\u2019engage \u00e0 soutenir vos besoins m\u00e9caniques et \u00e0 assurer le bon fonctionnement de vos syst\u00e8mes.<\/p>\n<p>[\/et_pb_text][\/et_pb_column][et_pb_column type=&#8221;1_3&#8243; _builder_version=&#8221;4.27.4&#8243; custom_padding=&#8221;10px|10px|10px|10px|true|true&#8221; box_shadow_style=&#8221;preset1&#8243; global_colors_info=&#8221;{}&#8221;][et_pb_image src=&#8221;https:\/\/bio-proces.pl\/fr\/wp-content\/uploads\/2025\/03\/hardware.jpg&#8221; title_text=&#8221;hardware&#8221; _builder_version=&#8221;4.27.4&#8243; _module_preset=&#8221;default&#8221; box_shadow_style=&#8221;preset2&#8243; global_colors_info=&#8221;{}&#8221;][\/et_pb_image][et_pb_text _builder_version=&#8221;4.27.4&#8243; header_6_text_align=&#8221;center&#8221; header_6_font_size=&#8221;20px&#8221; custom_margin=&#8221;||9px||false|false&#8221; hover_enabled=&#8221;0&#8243; global_colors_info=&#8221;{}&#8221; sticky_enabled=&#8221;0&#8243;]<\/p>\n<h6>Service mat\u00e9riel et \u00e9lectrique<br \/>\n<\/h6>\n<p>[\/et_pb_text][et_pb_text module_class=&#8221;dct_abt_txt&#8221; _builder_version=&#8221;4.27.4&#8243; hover_enabled=&#8221;0&#8243; global_colors_info=&#8221;{}&#8221; sticky_enabled=&#8221;0&#8243;]<\/p>\n<p style=\"text-align: justify;\">Bio-Proces accompagne ses clients en proposant une gamme compl\u00e8te de services de maintenance et de support technique pour les \u00e9quipements et syst\u00e8mes \u00e9lectriques, garantissant leur bon fonctionnement et leur optimisation.<br \/>Cela comprend les modifications des panneaux \u00e9lectriques et des armoires de commande locales, l\u2019installation et l\u2019ajustement du c\u00e2blage, ainsi que la garantie de la fiabilit\u00e9 des composants \u00e9lectriques essentiels.<br \/>Gr\u00e2ce \u00e0 une approche pragmatique, nous aidons \u00e0 r\u00e9soudre efficacement les probl\u00e8mes techniques, en r\u00e9duisant les interruptions et en garantissant des syst\u00e8mes parfaitement op\u00e9rationnels.<\/p>\n<p>[\/et_pb_text][\/et_pb_column][et_pb_column type=&#8221;1_3&#8243; _builder_version=&#8221;4.27.4&#8243; custom_padding=&#8221;10px|10px|10px|10px|true|true&#8221; box_shadow_style=&#8221;preset1&#8243; global_colors_info=&#8221;{}&#8221;][et_pb_image src=&#8221;https:\/\/bio-proces.pl\/fr\/wp-content\/uploads\/2025\/03\/SCADA.jpg&#8221; title_text=&#8221;SCADA&#8221; _builder_version=&#8221;4.27.4&#8243; _module_preset=&#8221;default&#8221; box_shadow_style=&#8221;preset2&#8243; global_colors_info=&#8221;{}&#8221;][\/et_pb_image][et_pb_text _builder_version=&#8221;4.27.4&#8243; header_6_text_align=&#8221;center&#8221; header_6_font_size=&#8221;20px&#8221; custom_margin=&#8221;||9px||false|false&#8221; hover_enabled=&#8221;0&#8243; global_colors_info=&#8221;{}&#8221; sticky_enabled=&#8221;0&#8243;]<\/p>\n<h6>Logiciels et automatisation<br \/>\n<\/h6>\n<p>[\/et_pb_text][et_pb_text module_class=&#8221;dct_abt_txt&#8221; _builder_version=&#8221;4.27.4&#8243; hover_enabled=&#8221;0&#8243; global_colors_info=&#8221;{}&#8221; sticky_enabled=&#8221;0&#8243;]<\/p>\n<p style=\"text-align: justify;\">Bio-Proces accompagne \u00e9galement ses clients dans le domaine des logiciels et de l\u2019automatisation, en mettant l\u2019accent sur l\u2019optimisation et la modernisation de leurs syst\u00e8mes.<br \/>Notre expertise couvre les ajustements logiciels, l\u2019impl\u00e9mentation de syst\u00e8mes SCADA, les mises \u00e0 jour des processus d\u2019automatisation et des configurations sur mesure afin d\u2019aligner les syst\u00e8mes sur les objectifs op\u00e9rationnels.<br \/>Gr\u00e2ce \u00e0 des am\u00e9liorations cibl\u00e9es, nous aidons nos clients \u00e0 renforcer leur efficacit\u00e9 et leur ma\u00eetrise de leurs processus automatis\u00e9s.<\/p>\n<p>[\/et_pb_text][\/et_pb_column][\/et_pb_row][et_pb_row column_structure=&#8221;1_3,1_3,1_3&#8243; make_equal=&#8221;on&#8221; custom_padding_last_edited=&#8221;off|desktop&#8221; module_id=&#8221;consulting&#8221; module_class=&#8221;consulting&#8221; _builder_version=&#8221;4.27.4&#8243; custom_margin=&#8221;40px||||false|false&#8221; custom_padding=&#8221;0px||0px||true|false&#8221; custom_padding_tablet=&#8221;0px||0px||true|false&#8221; global_colors_info=&#8221;{}&#8221;][et_pb_column type=&#8221;1_3&#8243; _builder_version=&#8221;4.27.4&#8243; custom_padding=&#8221;10px|10px|10px|10px|true|true&#8221; box_shadow_style=&#8221;preset1&#8243; global_colors_info=&#8221;{}&#8221;][et_pb_image src=&#8221;https:\/\/bio-proces.pl\/fr\/wp-content\/uploads\/2025\/03\/20250312_115225.jpg&#8221; title_text=&#8221;20250312_115225&#8243; _builder_version=&#8221;4.27.4&#8243; _module_preset=&#8221;default&#8221; box_shadow_style=&#8221;preset2&#8243; global_colors_info=&#8221;{}&#8221;][\/et_pb_image][et_pb_text _builder_version=&#8221;4.27.4&#8243; header_6_text_align=&#8221;center&#8221; header_6_font_size=&#8221;20px&#8221; custom_margin=&#8221;||9px||false|false&#8221; hover_enabled=&#8221;0&#8243; global_colors_info=&#8221;{}&#8221; sticky_enabled=&#8221;0&#8243;]<\/p>\n<h6>Audits technologiques<br \/>\n<\/h6>\n<p>[\/et_pb_text][et_pb_text module_class=&#8221;dct_abt_txt&#8221; _builder_version=&#8221;4.27.4&#8243; hover_enabled=&#8221;0&#8243; global_colors_info=&#8221;{}&#8221; sticky_enabled=&#8221;0&#8243;]<\/p>\n<p style=\"text-align: justify;\">Bio-Proces accompagne ses clients dans la r\u00e9solution de d\u00e9fis technologiques en proposant des solutions pragmatiques et efficaces.<br \/>Nous soutenons l\u2019optimisation et le diagnostic des syst\u00e8mes, garantissant que les \u00e9quipements et les processus r\u00e9pondent aux exigences op\u00e9rationnelles et fonctionnent efficacement.<br \/>Gr\u00e2ce \u00e0 notre approche concr\u00e8te, Bio-Proces aide ses clients \u00e0 g\u00e9rer les aspects technologiques complexes et \u00e0 obtenir des solutions fiables, parfaitement adapt\u00e9es \u00e0 leurs besoins.<\/p>\n<p>[\/et_pb_text][\/et_pb_column][et_pb_column type=&#8221;1_3&#8243; _builder_version=&#8221;4.27.4&#8243; custom_padding=&#8221;10px|10px|10px|10px|true|true&#8221; box_shadow_style=&#8221;preset1&#8243; global_colors_info=&#8221;{}&#8221;][et_pb_image src=&#8221;https:\/\/bio-proces.pl\/fr\/wp-content\/uploads\/2025\/03\/12929.jpg&#8221; title_text=&#8221;12929&#8243; _builder_version=&#8221;4.27.4&#8243; _module_preset=&#8221;default&#8221; box_shadow_style=&#8221;preset2&#8243; global_colors_info=&#8221;{}&#8221;][\/et_pb_image][et_pb_text _builder_version=&#8221;4.27.4&#8243; header_6_text_align=&#8221;center&#8221; header_6_font_size=&#8221;20px&#8221; custom_margin=&#8221;||9px||false|false&#8221; hover_enabled=&#8221;0&#8243; global_colors_info=&#8221;{}&#8221; sticky_enabled=&#8221;0&#8243;]<\/p>\n<h6>Assistance en ligne<br \/>\n<\/h6>\n<p>[\/et_pb_text][et_pb_text module_class=&#8221;dct_abt_txt&#8221; _builder_version=&#8221;4.27.4&#8243; hover_enabled=&#8221;0&#8243; global_colors_info=&#8221;{}&#8221; sticky_enabled=&#8221;0&#8243;]<\/p>\n<p style=\"text-align: justify;\">Bio-Proces propose une assistance en ligne compl\u00e8te pour aider ses clients \u00e0 g\u00e9rer efficacement leurs syst\u00e8mes et r\u00e9duire les interruptions de service.<br \/>Nos syst\u00e8mes sont con\u00e7us pour permettre un acc\u00e8s \u00e0 distance aux logiciels, \u00e0 condition que le client fournisse une connexion internet \u00e0 nos panneaux \u00e9lectriques.<br \/>Cela nous permet de surveiller les performances, de diagnostiquer les probl\u00e8mes et d\u2019offrir un support technique sans n\u00e9cessiter de d\u00e9placement sur site.<br \/>Gr\u00e2ce \u00e0 cette approche, Bio-Proces assure des interventions rapides et une optimisation continue des syst\u00e8mes, garantissant une assistance fiable \u00e0 distance.<\/p>\n<p>[\/et_pb_text][\/et_pb_column][et_pb_column type=&#8221;1_3&#8243; _builder_version=&#8221;4.27.4&#8243; custom_padding=&#8221;10px|10px|10px|10px|true|true&#8221; box_shadow_style=&#8221;preset1&#8243; global_colors_info=&#8221;{}&#8221;][et_pb_image src=&#8221;https:\/\/bio-proces.pl\/fr\/wp-content\/uploads\/2025\/03\/specialized.jpg&#8221; title_text=&#8221;specialized&#8221; _builder_version=&#8221;4.27.4&#8243; _module_preset=&#8221;default&#8221; box_shadow_style=&#8221;preset2&#8243; global_colors_info=&#8221;{}&#8221;][\/et_pb_image][et_pb_text _builder_version=&#8221;4.27.4&#8243; header_6_text_align=&#8221;center&#8221; header_6_font_size=&#8221;20px&#8221; custom_margin=&#8221;||9px||false|false&#8221; hover_enabled=&#8221;0&#8243; global_colors_info=&#8221;{}&#8221; sticky_enabled=&#8221;0&#8243;]<\/p>\n<h6>Travaux sp\u00e9cialis\u00e9s<br \/>\n<\/h6>\n<p>[\/et_pb_text][et_pb_text module_class=&#8221;dct_abt_txt&#8221; _builder_version=&#8221;4.27.4&#8243; hover_enabled=&#8221;0&#8243; global_colors_info=&#8221;{}&#8221; sticky_enabled=&#8221;0&#8243;]<\/p>\n<p style=\"text-align: justify;\">Bio-Proces accompagne ses clients dans la r\u00e9alisation de t\u00e2ches hautement sp\u00e9cialis\u00e9es et complexes n\u00e9cessitant expertise et pr\u00e9cision.<br \/>Nos services incluent des interventions telles que l\u2019ouverture de digesteurs, l\u2019\u00e9vacuation s\u00e9curis\u00e9e du biogaz, la maintenance de m\u00e9langeurs dans des endroits difficiles d\u2019acc\u00e8s, la soudure de composants non conventionnels et le remplacement de toits en membrane.<br \/>Gr\u00e2ce \u00e0 notre exp\u00e9rience dans la gestion de projets exigeants, nous fournissons des solutions fiables pour aider nos clients \u00e0 relever leurs d\u00e9fis uniques et assurer le bon fonctionnement de leurs syst\u00e8mes.<\/p>\n<p>[\/et_pb_text][\/et_pb_column][\/et_pb_row][\/et_pb_section]<\/p>\n","protected":false},"excerpt":{"rendered":"<p>Service m\u00e9canique Bio-Proces propose une large gamme de services m\u00e9caniques, disponibles aussi bien en maintenance programm\u00e9e qu\u2019en assistance rapide en cas de panne d\u2019\u00e9quipement.Notre expertise couvre l\u2019entretien des pompes, des m\u00e9langeurs et de divers autres \u00e9quipements essentiels \u00e0 votre activit\u00e9.De plus, nous offrons des services de soudure sp\u00e9cialis\u00e9s, travaillant avec de l\u2019acier au carbone et [&hellip;]<\/p>\n","protected":false},"author":1,"featured_media":0,"parent":0,"menu_order":0,"comment_status":"closed","ping_status":"closed","template":"","meta":{"_et_pb_use_builder":"on","_et_pb_old_content":"","_et_gb_content_width":"","footnotes":""},"class_list":["post-93222","page","type-page","status-publish","hentry"],"_links":{"self":[{"href":"https:\/\/bio-proces.pl\/fr\/wp-json\/wp\/v2\/pages\/93222","targetHints":{"allow":["GET"]}}],"collection":[{"href":"https:\/\/bio-proces.pl\/fr\/wp-json\/wp\/v2\/pages"}],"about":[{"href":"https:\/\/bio-proces.pl\/fr\/wp-json\/wp\/v2\/types\/page"}],"author":[{"embeddable":true,"href":"https:\/\/bio-proces.pl\/fr\/wp-json\/wp\/v2\/users\/1"}],"replies":[{"embeddable":true,"href":"https:\/\/bio-proces.pl\/fr\/wp-json\/wp\/v2\/comments?post=93222"}],"version-history":[{"count":15,"href":"https:\/\/bio-proces.pl\/fr\/wp-json\/wp\/v2\/pages\/93222\/revisions"}],"predecessor-version":[{"id":100750,"href":"https:\/\/bio-proces.pl\/fr\/wp-json\/wp\/v2\/pages\/93222\/revisions\/100750"}],"wp:attachment":[{"href":"https:\/\/bio-proces.pl\/fr\/wp-json\/wp\/v2\/media?parent=93222"}],"curies":[{"name":"wp","href":"https:\/\/api.w.org\/{rel}","templated":true}]}}