{"id":93566,"date":"2020-06-04T13:24:30","date_gmt":"2020-06-04T13:24:30","guid":{"rendered":"http:\/\/localhost\/ALLHANDYMAN\/ELECTRIC\/demo1\/?page_id=93"},"modified":"2025-06-10T08:33:54","modified_gmt":"2025-06-10T06:33:54","slug":"references","status":"publish","type":"page","link":"https:\/\/bio-proces.pl\/fr\/references\/","title":{"rendered":"R\u00e9f\u00e9rences"},"content":{"rendered":"<p>[et_pb_section fb_built=&#8221;1&#8243; module_class=&#8221;dct_plx&#8221; _builder_version=&#8221;4.27.4&#8243; background_color=&#8221;rgba(8,7,7,0.66)&#8221; background_image=&#8221;https:\/\/bio-proces.pl\/fr\/wp-content\/uploads\/2025\/02\/farm-with-biogas-plant-converting-organic-waste-into-renewable-energy-reducing-emissions-1.jpg&#8221; background_blend=&#8221;overlay&#8221; global_colors_info=&#8221;{}&#8221;][et_pb_row column_structure=&#8221;1_2,1_2&#8243; use_custom_gutter=&#8221;on&#8221; gutter_width=&#8221;2&#8243; make_equal=&#8221;on&#8221; _builder_version=&#8221;4.16&#8243; width=&#8221;90%&#8221; max_width=&#8221;1170px&#8221; custom_padding=&#8221;0px||0px||true|false&#8221; global_colors_info=&#8221;{}&#8221;][et_pb_column type=&#8221;1_2&#8243; module_class=&#8221;dct_p_title&#8221; _builder_version=&#8221;4.16&#8243; global_colors_info=&#8221;{}&#8221;][et_pb_text _builder_version=&#8221;4.16&#8243; _dynamic_attributes=&#8221;content&#8221; global_colors_info=&#8221;{}&#8221;]@ET-DC@eyJkeW5hbWljIjp0cnVlLCJjb250ZW50IjoicG9zdF90aXRsZSIsInNldHRpbmdzIjp7ImJlZm9yZSI6IiIsImFmdGVyIjoiIn19@[\/et_pb_text][\/et_pb_column][et_pb_column type=&#8221;1_2&#8243; module_class=&#8221;dct_bdcm&#8221; _builder_version=&#8221;4.16&#8243; global_colors_info=&#8221;{}&#8221;][et_pb_button button_text=&#8221;Appelez notre service pour une assistance rapide : +48 455 408 189&#8243; button_alignment=&#8221;right&#8221; button_alignment_tablet=&#8221;center&#8221; button_alignment_phone=&#8221;&#8221; button_alignment_last_edited=&#8221;on|tablet&#8221; module_class=&#8221;dct_ft_btn&#8221; _builder_version=&#8221;4.27.4&#8243; custom_button=&#8221;on&#8221; button_text_size=&#8221;11px&#8221; custom_margin=&#8221;0px||||false|false&#8221; global_colors_info=&#8221;{}&#8221;][\/et_pb_button][\/et_pb_column][\/et_pb_row][\/et_pb_section][et_pb_section fb_built=&#8221;1&#8243; _builder_version=&#8221;4.27.4&#8243; custom_padding=&#8221;40px||40px||true|false&#8221; global_colors_info=&#8221;{}&#8221;][et_pb_row column_structure=&#8221;1_2,1_2&#8243; make_equal=&#8221;on&#8221; custom_padding_last_edited=&#8221;off|desktop&#8221; module_id=&#8221;consulting&#8221; module_class=&#8221;consulting&#8221; _builder_version=&#8221;4.27.4&#8243; custom_margin=&#8221;20px||||false|false&#8221; custom_padding=&#8221;0px||0px||true|false&#8221; custom_padding_tablet=&#8221;0px||0px||true|false&#8221; hover_enabled=&#8221;0&#8243; global_colors_info=&#8221;{}&#8221; sticky_enabled=&#8221;0&#8243;][et_pb_column type=&#8221;1_2&#8243; _builder_version=&#8221;4.27.4&#8243; custom_padding=&#8221;10px|10px|10px|10px|true|true&#8221; link_option_url=&#8221;https:\/\/bio-proces.pl\/fr\/wp-content\/uploads\/2025\/06\/Reference-Slide-FR-1.pdf&#8221; link_option_url_new_window=&#8221;on&#8221; hover_enabled=&#8221;0&#8243; box_shadow_style=&#8221;preset1&#8243; global_colors_info=&#8221;{}&#8221; sticky_enabled=&#8221;0&#8243;][et_pb_image src=&#8221;https:\/\/bio-proces.pl\/fr\/wp-content\/uploads\/2025\/05\/AAA-scaled.jpg&#8221; title_text=&#8221;AAA&#8221; _builder_version=&#8221;4.27.4&#8243; _module_preset=&#8221;default&#8221; custom_margin=&#8221;||10px||false|false&#8221; box_shadow_style=&#8221;preset2&#8243; global_colors_info=&#8221;{}&#8221;][\/et_pb_image][et_pb_text _builder_version=&#8221;4.27.4&#8243; text_font=&#8221;|700|||||||&#8221; text_text_color=&#8221;#000000&#8243; text_font_size=&#8221;21px&#8221; text_line_height=&#8221;1.8em&#8221; header_6_text_align=&#8221;center&#8221; header_6_font_size=&#8221;20px&#8221; custom_margin=&#8221;||9px||false|false&#8221; global_colors_info=&#8221;{}&#8221;]<\/p>\n<p style=\"text-align: center;\">Centrale de biogaz agricole 0,5 MW\n<\/p>\n<p>[\/et_pb_text][\/et_pb_column][et_pb_column type=&#8221;1_2&#8243; _builder_version=&#8221;4.27.4&#8243; custom_padding=&#8221;10px|10px|10px|10px|true|true&#8221; link_option_url=&#8221;https:\/\/bio-proces.pl\/fr\/wp-content\/uploads\/2025\/06\/Reference-Slide-FR-2.pdf&#8221; link_option_url_new_window=&#8221;on&#8221; hover_enabled=&#8221;0&#8243; box_shadow_style=&#8221;preset1&#8243; global_colors_info=&#8221;{}&#8221; sticky_enabled=&#8221;0&#8243;][et_pb_image src=&#8221;https:\/\/bio-proces.pl\/fr\/wp-content\/uploads\/2025\/05\/Zdjecie-WhatsApp-2025-04-09-o-08.01.32_a94048a1.jpg&#8221; title_text=&#8221;Zdj\u0119cie WhatsApp 2025-04-09 o 08.01.32_a94048a1&#8243; url_new_window=&#8221;on&#8221; _builder_version=&#8221;4.27.4&#8243; _module_preset=&#8221;default&#8221; custom_margin=&#8221;||10px||false|false&#8221; box_shadow_style=&#8221;preset2&#8243; global_colors_info=&#8221;{}&#8221;][\/et_pb_image][et_pb_text _builder_version=&#8221;4.27.4&#8243; text_font=&#8221;|700|||||||&#8221; text_text_color=&#8221;#000000&#8243; text_font_size=&#8221;21px&#8221; text_line_height=&#8221;1.8em&#8221; header_6_text_align=&#8221;center&#8221; header_6_font_size=&#8221;20px&#8221; custom_margin=&#8221;||9px||false|false&#8221; global_colors_info=&#8221;{}&#8221;]<\/p>\n<p style=\"text-align: center;\">Syst\u00e8me de pasteurisation pour centrale de biogaz\n<\/p>\n<p>[\/et_pb_text][\/et_pb_column][\/et_pb_row][et_pb_row column_structure=&#8221;1_2,1_2&#8243; make_equal=&#8221;on&#8221; custom_padding_last_edited=&#8221;off|desktop&#8221; module_id=&#8221;consulting&#8221; module_class=&#8221;consulting&#8221; _builder_version=&#8221;4.27.4&#8243; custom_margin=&#8221;20px||||false|false&#8221; custom_padding=&#8221;0px||0px||true|false&#8221; custom_padding_tablet=&#8221;0px||0px||true|false&#8221; hover_enabled=&#8221;0&#8243; global_colors_info=&#8221;{}&#8221; sticky_enabled=&#8221;0&#8243;][et_pb_column type=&#8221;1_2&#8243; _builder_version=&#8221;4.27.4&#8243; custom_padding=&#8221;10px|10px|10px|10px|true|true&#8221; link_option_url=&#8221;https:\/\/bio-proces.pl\/fr\/wp-content\/uploads\/2025\/06\/Reference-Slide-FR-3.pdf&#8221; link_option_url_new_window=&#8221;on&#8221; hover_enabled=&#8221;0&#8243; box_shadow_style=&#8221;preset1&#8243; global_colors_info=&#8221;{}&#8221; sticky_enabled=&#8221;0&#8243;][et_pb_image src=&#8221;https:\/\/bio-proces.pl\/fr\/wp-content\/uploads\/2025\/05\/20241007_153900-scaled.jpg&#8221; title_text=&#8221;20241007_153900&#8243; _builder_version=&#8221;4.27.4&#8243; _module_preset=&#8221;default&#8221; custom_margin=&#8221;||10px||false|false&#8221; box_shadow_style=&#8221;preset2&#8243; global_colors_info=&#8221;{}&#8221;][\/et_pb_image][et_pb_text _builder_version=&#8221;4.27.4&#8243; text_font=&#8221;|700|||||||&#8221; text_text_color=&#8221;#000000&#8243; text_font_size=&#8221;21px&#8221; text_line_height=&#8221;1.8em&#8221; header_6_text_align=&#8221;center&#8221; header_6_font_size=&#8221;20px&#8221; custom_margin=&#8221;||9px||false|false&#8221; global_colors_info=&#8221;{}&#8221;]<\/p>\n<p style=\"text-align: center;\">Module de chauffage conteneuris\u00e9 pour centrale de biogaz\n<\/p>\n<p>[\/et_pb_text][\/et_pb_column][et_pb_column type=&#8221;1_2&#8243; _builder_version=&#8221;4.27.4&#8243; custom_padding=&#8221;10px|10px|10px|10px|true|true&#8221; link_option_url=&#8221;https:\/\/bio-proces.pl\/fr\/wp-content\/uploads\/2025\/06\/Reference-Slide-FR-4.pdf&#8221; link_option_url_new_window=&#8221;on&#8221; hover_enabled=&#8221;0&#8243; box_shadow_style=&#8221;preset1&#8243; global_colors_info=&#8221;{}&#8221; sticky_enabled=&#8221;0&#8243;][et_pb_image src=&#8221;https:\/\/bio-proces.pl\/fr\/wp-content\/uploads\/2025\/05\/Zdjecie-WhatsApp-2025-03-18-o-17.02.31_40318fdf.jpg&#8221; title_text=&#8221;Zdj\u0119cie WhatsApp 2025-03-18 o 17.02.31_40318fdf&#8221; _builder_version=&#8221;4.27.4&#8243; _module_preset=&#8221;default&#8221; custom_margin=&#8221;||10px||false|false&#8221; box_shadow_style=&#8221;preset2&#8243; global_colors_info=&#8221;{}&#8221;][\/et_pb_image][et_pb_text _builder_version=&#8221;4.27.4&#8243; text_font=&#8221;|700|||||||&#8221; text_text_color=&#8221;#000000&#8243; text_font_size=&#8221;21px&#8221; text_line_height=&#8221;1.8em&#8221; header_6_text_align=&#8221;center&#8221; header_6_font_size=&#8221;20px&#8221; custom_margin=&#8221;||9px||false|false&#8221; global_colors_info=&#8221;{}&#8221;]<\/p>\n<p style=\"text-align: center;\">Mise \u00e0 niveau de l\u2019automatisation de STEP et e-panneau\n<\/p>\n<p>[\/et_pb_text][\/et_pb_column][\/et_pb_row][et_pb_row column_structure=&#8221;1_2,1_2&#8243; make_equal=&#8221;on&#8221; custom_padding_last_edited=&#8221;off|desktop&#8221; module_id=&#8221;consulting&#8221; module_class=&#8221;consulting&#8221; _builder_version=&#8221;4.27.4&#8243; custom_margin=&#8221;20px||||false|false&#8221; custom_padding=&#8221;0px||0px||true|false&#8221; custom_padding_tablet=&#8221;0px||0px||true|false&#8221; hover_enabled=&#8221;0&#8243; global_colors_info=&#8221;{}&#8221; sticky_enabled=&#8221;0&#8243;][et_pb_column type=&#8221;1_2&#8243; _builder_version=&#8221;4.27.4&#8243; custom_padding=&#8221;10px|10px|10px|10px|true|true&#8221; link_option_url=&#8221;https:\/\/bio-proces.pl\/fr\/wp-content\/uploads\/2025\/06\/Reference-Slide-FR-5.pdf&#8221; link_option_url_new_window=&#8221;on&#8221; hover_enabled=&#8221;0&#8243; box_shadow_style=&#8221;preset1&#8243; global_colors_info=&#8221;{}&#8221; sticky_enabled=&#8221;0&#8243;][et_pb_image src=&#8221;https:\/\/bio-proces.pl\/fr\/wp-content\/uploads\/2025\/05\/Zdjecie-WhatsApp-2025-02-27-o-21.18.25_fe3d130d.jpg&#8221; title_text=&#8221;Zdj\u0119cie WhatsApp 2025-02-27 o 21.18.25_fe3d130d&#8221; align=&#8221;center&#8221; _builder_version=&#8221;4.27.4&#8243; _module_preset=&#8221;default&#8221; width=&#8221;50%&#8221; custom_margin=&#8221;||10px||false|false&#8221; box_shadow_style=&#8221;preset2&#8243; global_colors_info=&#8221;{}&#8221;][\/et_pb_image][et_pb_text _builder_version=&#8221;4.27.4&#8243; text_font=&#8221;|700|||||||&#8221; text_text_color=&#8221;#000000&#8243; text_font_size=&#8221;21px&#8221; text_line_height=&#8221;1.8em&#8221; header_6_text_align=&#8221;center&#8221; header_6_font_size=&#8221;20px&#8221; custom_margin=&#8221;||9px||false|false&#8221; global_colors_info=&#8221;{}&#8221;]<\/p>\n<p style=\"text-align: center;\">Syst\u00e8me de chauffage technologique pour une centrale de biogaz\n<\/p>\n<p>[\/et_pb_text][\/et_pb_column][et_pb_column type=&#8221;1_2&#8243; _builder_version=&#8221;4.27.4&#8243; custom_padding=&#8221;10px|10px|10px|10px|true|true&#8221; link_option_url=&#8221;https:\/\/bio-proces.pl\/fr\/wp-content\/uploads\/2025\/06\/Reference-Slide-FR-6.pdf&#8221; link_option_url_new_window=&#8221;on&#8221; hover_enabled=&#8221;0&#8243; box_shadow_style=&#8221;preset1&#8243; global_colors_info=&#8221;{}&#8221; sticky_enabled=&#8221;0&#8243;][et_pb_image src=&#8221;https:\/\/bio-proces.pl\/fr\/wp-content\/uploads\/2025\/05\/Zdjecie-WhatsApp-2025-05-07-o-17.22.33_0eb4b3dd.jpg&#8221; title_text=&#8221;Zdj\u0119cie WhatsApp 2025-05-07 o 17.22.33_0eb4b3dd&#8221; _builder_version=&#8221;4.27.4&#8243; _module_preset=&#8221;default&#8221; custom_margin=&#8221;||10px||false|false&#8221; box_shadow_style=&#8221;preset2&#8243; global_colors_info=&#8221;{}&#8221;][\/et_pb_image][et_pb_text _builder_version=&#8221;4.27.4&#8243; text_font=&#8221;|700|||||||&#8221; text_text_color=&#8221;#000000&#8243; text_font_size=&#8221;21px&#8221; text_line_height=&#8221;1.8em&#8221; header_6_text_align=&#8221;center&#8221; header_6_font_size=&#8221;20px&#8221; custom_margin=&#8221;||9px||false|false&#8221; global_colors_info=&#8221;{}&#8221;]<\/p>\n<p style=\"text-align: center;\">Syst\u00e8me SCADA de STEP\n<\/p>\n<p>[\/et_pb_text][\/et_pb_column][\/et_pb_row][et_pb_row column_structure=&#8221;1_2,1_2&#8243; make_equal=&#8221;on&#8221; custom_padding_last_edited=&#8221;off|desktop&#8221; module_id=&#8221;consulting&#8221; module_class=&#8221;consulting&#8221; _builder_version=&#8221;4.27.4&#8243; custom_margin=&#8221;20px||||false|false&#8221; custom_padding=&#8221;0px||0px||true|false&#8221; custom_padding_tablet=&#8221;0px||0px||true|false&#8221; hover_enabled=&#8221;0&#8243; global_colors_info=&#8221;{}&#8221; sticky_enabled=&#8221;0&#8243;][et_pb_column type=&#8221;1_2&#8243; _builder_version=&#8221;4.27.4&#8243; custom_padding=&#8221;10px|10px|10px|10px|true|true&#8221; link_option_url=&#8221;https:\/\/bio-proces.pl\/fr\/wp-content\/uploads\/2025\/06\/Reference-Slide-FR-7.pdf&#8221; link_option_url_new_window=&#8221;on&#8221; hover_enabled=&#8221;0&#8243; box_shadow_style=&#8221;preset1&#8243; global_colors_info=&#8221;{}&#8221; sticky_enabled=&#8221;0&#8243;][et_pb_image src=&#8221;https:\/\/bio-proces.pl\/fr\/wp-content\/uploads\/2025\/05\/specialized.jpg&#8221; title_text=&#8221;specialized&#8221; align=&#8221;center&#8221; _builder_version=&#8221;4.27.4&#8243; _module_preset=&#8221;default&#8221; width=&#8221;50%&#8221; custom_margin=&#8221;||10px||false|false&#8221; box_shadow_style=&#8221;preset2&#8243; global_colors_info=&#8221;{}&#8221;][\/et_pb_image][et_pb_text _builder_version=&#8221;4.27.4&#8243; text_font=&#8221;|700|||||||&#8221; text_text_color=&#8221;#000000&#8243; text_font_size=&#8221;21px&#8221; text_line_height=&#8221;1.8em&#8221; header_6_text_align=&#8221;center&#8221; header_6_font_size=&#8221;20px&#8221; custom_margin=&#8221;||9px||false|false&#8221; global_colors_info=&#8221;{}&#8221;]<\/p>\n<p style=\"text-align: center;\">\u00c9quipement pour microcentrale de biogaz\n<\/p>\n<p>[\/et_pb_text][\/et_pb_column][et_pb_column type=&#8221;1_2&#8243; _builder_version=&#8221;4.27.4&#8243; custom_padding=&#8221;10px|10px|10px|10px|true|true&#8221; link_option_url=&#8221;https:\/\/bio-proces.pl\/fr\/wp-content\/uploads\/2025\/06\/Reference-Slide-FR-8.pdf&#8221; link_option_url_new_window=&#8221;on&#8221; hover_enabled=&#8221;0&#8243; box_shadow_style=&#8221;preset1&#8243; global_colors_info=&#8221;{}&#8221; sticky_enabled=&#8221;0&#8243;][et_pb_image src=&#8221;https:\/\/bio-proces.pl\/fr\/wp-content\/uploads\/2025\/05\/20250508_120746-scaled.jpg&#8221; title_text=&#8221;20250508_120746&#8243; _builder_version=&#8221;4.27.4&#8243; _module_preset=&#8221;default&#8221; custom_margin=&#8221;||10px||false|false&#8221; box_shadow_style=&#8221;preset2&#8243; global_colors_info=&#8221;{}&#8221;][\/et_pb_image][et_pb_text _builder_version=&#8221;4.27.4&#8243; text_font=&#8221;|700|||||||&#8221; text_text_color=&#8221;#000000&#8243; text_font_size=&#8221;21px&#8221; text_line_height=&#8221;1.8em&#8221; header_6_text_align=&#8221;center&#8221; header_6_font_size=&#8221;20px&#8221; custom_margin=&#8221;||9px||false|false&#8221; global_colors_info=&#8221;{}&#8221;]<\/p>\n<p style=\"text-align: center;\">Dosage des r\u00e9actifs en STEP\n<\/p>\n<p>[\/et_pb_text][\/et_pb_column][\/et_pb_row][et_pb_row column_structure=&#8221;1_2,1_2&#8243; make_equal=&#8221;on&#8221; custom_padding_last_edited=&#8221;off|desktop&#8221; module_id=&#8221;consulting&#8221; module_class=&#8221;consulting&#8221; _builder_version=&#8221;4.27.4&#8243; custom_margin=&#8221;20px||||false|false&#8221; custom_padding=&#8221;0px||0px||true|false&#8221; custom_padding_tablet=&#8221;0px||0px||true|false&#8221; hover_enabled=&#8221;0&#8243; global_colors_info=&#8221;{}&#8221; sticky_enabled=&#8221;0&#8243;][et_pb_column type=&#8221;1_2&#8243; _builder_version=&#8221;4.27.4&#8243; custom_padding=&#8221;10px|10px|10px|10px|true|true&#8221; link_option_url=&#8221;https:\/\/bio-proces.pl\/fr\/wp-content\/uploads\/2025\/06\/Reference-Slide-FR-9.pdf&#8221; link_option_url_new_window=&#8221;on&#8221; hover_enabled=&#8221;0&#8243; box_shadow_style=&#8221;preset1&#8243; global_colors_info=&#8221;{}&#8221; sticky_enabled=&#8221;0&#8243;][et_pb_image src=&#8221;https:\/\/bio-proces.pl\/fr\/wp-content\/uploads\/2025\/05\/20250508_113241-scaled.jpg&#8221; title_text=&#8221;20250508_113241&#8243; align=&#8221;center&#8221; _builder_version=&#8221;4.27.4&#8243; _module_preset=&#8221;default&#8221; width=&#8221;50%&#8221; custom_margin=&#8221;||10px||false|false&#8221; box_shadow_style=&#8221;preset2&#8243; global_colors_info=&#8221;{}&#8221;][\/et_pb_image][et_pb_text _builder_version=&#8221;4.27.4&#8243; text_font=&#8221;|700|||||||&#8221; text_text_color=&#8221;#000000&#8243; text_font_size=&#8221;21px&#8221; text_line_height=&#8221;1.8em&#8221; header_6_text_align=&#8221;center&#8221; header_6_font_size=&#8221;20px&#8221; custom_margin=&#8221;||9px||false|false&#8221; global_colors_info=&#8221;{}&#8221;]<\/p>\n<p style=\"text-align: center;\">Mise \u00e0 niveau de l\u2019automatisation des postes de pompage municipaux\n<\/p>\n<p>[\/et_pb_text][\/et_pb_column][et_pb_column type=&#8221;1_2&#8243; _builder_version=&#8221;4.27.4&#8243; custom_padding=&#8221;10px|10px|10px|10px|true|true&#8221; link_option_url=&#8221;https:\/\/bio-proces.pl\/fr\/wp-content\/uploads\/2025\/06\/Reference-Slide-FR-10.pdf&#8221; link_option_url_new_window=&#8221;on&#8221; hover_enabled=&#8221;0&#8243; box_shadow_style=&#8221;preset1&#8243; global_colors_info=&#8221;{}&#8221; sticky_enabled=&#8221;0&#8243;][et_pb_image src=&#8221;https:\/\/bio-proces.pl\/fr\/wp-content\/uploads\/2025\/05\/20250303_143316-002-scaled.jpg&#8221; title_text=&#8221;20250303_143316 (002)&#8221; align=&#8221;center&#8221; _builder_version=&#8221;4.27.4&#8243; _module_preset=&#8221;default&#8221; width=&#8221;50%&#8221; custom_margin=&#8221;||10px||false|false&#8221; box_shadow_style=&#8221;preset2&#8243; global_colors_info=&#8221;{}&#8221;][\/et_pb_image][et_pb_text _builder_version=&#8221;4.27.4&#8243; text_font=&#8221;|700|||||||&#8221; text_text_color=&#8221;#000000&#8243; text_font_size=&#8221;21px&#8221; text_line_height=&#8221;1.8em&#8221; header_6_text_align=&#8221;center&#8221; header_6_font_size=&#8221;20px&#8221; custom_margin=&#8221;||9px||false|false&#8221; global_colors_info=&#8221;{}&#8221;]<\/p>\n<p style=\"text-align: center;\">Mise \u00e0 niveau du module de chauffage de la centrale de biogaz\n<\/p>\n<p>[\/et_pb_text][\/et_pb_column][\/et_pb_row][et_pb_row column_structure=&#8221;1_2,1_2&#8243; make_equal=&#8221;on&#8221; custom_padding_last_edited=&#8221;off|desktop&#8221; module_id=&#8221;consulting&#8221; module_class=&#8221;consulting&#8221; _builder_version=&#8221;4.27.4&#8243; custom_margin=&#8221;20px||||false|false&#8221; custom_padding=&#8221;0px||0px||true|false&#8221; custom_padding_tablet=&#8221;0px||0px||true|false&#8221; hover_enabled=&#8221;0&#8243; global_colors_info=&#8221;{}&#8221; sticky_enabled=&#8221;0&#8243;][et_pb_column type=&#8221;1_2&#8243; _builder_version=&#8221;4.27.4&#8243; custom_padding=&#8221;10px|10px|10px|10px|true|true&#8221; link_option_url=&#8221;https:\/\/bio-proces.pl\/fr\/wp-content\/uploads\/2025\/06\/Reference-Slide-FR-11.pdf&#8221; link_option_url_new_window=&#8221;on&#8221; hover_enabled=&#8221;0&#8243; box_shadow_style=&#8221;preset1&#8243; global_colors_info=&#8221;{}&#8221; sticky_enabled=&#8221;0&#8243;][et_pb_image src=&#8221;https:\/\/bio-proces.pl\/fr\/wp-content\/uploads\/2025\/05\/20241011_155207-002-scaled.jpg&#8221; title_text=&#8221;20241011_155207 (002)&#8221; align=&#8221;center&#8221; _builder_version=&#8221;4.27.4&#8243; _module_preset=&#8221;default&#8221; width_last_edited=&#8221;off|desktop&#8221; custom_margin=&#8221;||10px||false|false&#8221; box_shadow_style=&#8221;preset2&#8243; global_colors_info=&#8221;{}&#8221;][\/et_pb_image][et_pb_text _builder_version=&#8221;4.27.4&#8243; text_font=&#8221;|700|||||||&#8221; text_text_color=&#8221;#000000&#8243; text_font_size=&#8221;21px&#8221; text_line_height=&#8221;1.8em&#8221; header_6_text_align=&#8221;center&#8221; header_6_font_size=&#8221;20px&#8221; custom_margin=&#8221;||9px||false|false&#8221; global_colors_info=&#8221;{}&#8221;]<\/p>\n<p style=\"text-align: center;\">Mise \u00e0 niveau du module de chauffage de la centrale de biogaz\n<\/p>\n<p>[\/et_pb_text][\/et_pb_column][et_pb_column type=&#8221;1_2&#8243; _builder_version=&#8221;4.27.4&#8243; _module_preset=&#8221;default&#8221; global_colors_info=&#8221;{}&#8221;][\/et_pb_column][\/et_pb_row][\/et_pb_section]<\/p>\n","protected":false},"excerpt":{"rendered":"<p>Centrale de biogaz agricole 0,5 MW Syst\u00e8me de pasteurisation pour centrale de biogaz Module de chauffage conteneuris\u00e9 pour centrale de biogaz Mise \u00e0 niveau de l\u2019automatisation de STEP et e-panneau Syst\u00e8me de chauffage technologique pour une centrale de biogaz Syst\u00e8me SCADA de STEP \u00c9quipement pour microcentrale de biogaz Dosage des r\u00e9actifs en STEP Mise \u00e0 [&hellip;]<\/p>\n","protected":false},"author":1,"featured_media":0,"parent":0,"menu_order":0,"comment_status":"closed","ping_status":"closed","template":"","meta":{"_et_pb_use_builder":"on","_et_pb_old_content":"","_et_gb_content_width":"","footnotes":""},"class_list":["post-93566","page","type-page","status-publish","hentry"],"_links":{"self":[{"href":"https:\/\/bio-proces.pl\/fr\/wp-json\/wp\/v2\/pages\/93566","targetHints":{"allow":["GET"]}}],"collection":[{"href":"https:\/\/bio-proces.pl\/fr\/wp-json\/wp\/v2\/pages"}],"about":[{"href":"https:\/\/bio-proces.pl\/fr\/wp-json\/wp\/v2\/types\/page"}],"author":[{"embeddable":true,"href":"https:\/\/bio-proces.pl\/fr\/wp-json\/wp\/v2\/users\/1"}],"replies":[{"embeddable":true,"href":"https:\/\/bio-proces.pl\/fr\/wp-json\/wp\/v2\/comments?post=93566"}],"version-history":[{"count":34,"href":"https:\/\/bio-proces.pl\/fr\/wp-json\/wp\/v2\/pages\/93566\/revisions"}],"predecessor-version":[{"id":100783,"href":"https:\/\/bio-proces.pl\/fr\/wp-json\/wp\/v2\/pages\/93566\/revisions\/100783"}],"wp:attachment":[{"href":"https:\/\/bio-proces.pl\/fr\/wp-json\/wp\/v2\/media?parent=93566"}],"curies":[{"name":"wp","href":"https:\/\/api.w.org\/{rel}","templated":true}]}}