{"id":97462,"date":"2020-06-09T14:24:28","date_gmt":"2020-06-09T14:24:28","guid":{"rendered":"https:\/\/electrician.divifixer.com\/?page_id=28"},"modified":"2025-06-24T11:18:23","modified_gmt":"2025-06-24T09:18:23","slug":"contact","status":"publish","type":"page","link":"https:\/\/bio-proces.pl\/fr\/contact\/","title":{"rendered":"Contact"},"content":{"rendered":"<p>[et_pb_section fb_built=&#8221;1&#8243; module_class=&#8221;dct_plx&#8221; _builder_version=&#8221;4.27.4&#8243; background_color=&#8221;rgba(8,7,7,0.66)&#8221; background_image=&#8221;https:\/\/bio-proces.pl\/fr\/wp-content\/uploads\/2025\/03\/3784.jpg&#8221; background_blend=&#8221;overlay&#8221; global_colors_info=&#8221;{}&#8221;][et_pb_row column_structure=&#8221;1_2,1_2&#8243; use_custom_gutter=&#8221;on&#8221; gutter_width=&#8221;2&#8243; make_equal=&#8221;on&#8221; _builder_version=&#8221;4.16&#8243; width=&#8221;90%&#8221; max_width=&#8221;1170px&#8221; custom_padding=&#8221;0px||0px||true|false&#8221; global_colors_info=&#8221;{}&#8221;][et_pb_column type=&#8221;1_2&#8243; module_class=&#8221;dct_p_title&#8221; _builder_version=&#8221;4.16&#8243; global_colors_info=&#8221;{}&#8221;][et_pb_text _builder_version=&#8221;4.16&#8243; _dynamic_attributes=&#8221;content&#8221; global_colors_info=&#8221;{}&#8221;]@ET-DC@eyJkeW5hbWljIjp0cnVlLCJjb250ZW50IjoicG9zdF90aXRsZSIsInNldHRpbmdzIjp7ImJlZm9yZSI6IiIsImFmdGVyIjoiIn19@[\/et_pb_text][\/et_pb_column][et_pb_column type=&#8221;1_2&#8243; module_class=&#8221;dct_bdcm&#8221; _builder_version=&#8221;4.16&#8243; global_colors_info=&#8221;{}&#8221;][\/et_pb_column][\/et_pb_row][\/et_pb_section][et_pb_section fb_built=&#8221;1&#8243; _builder_version=&#8221;4.27.4&#8243; custom_padding=&#8221;40px||40px||true|false&#8221; global_colors_info=&#8221;{}&#8221;][et_pb_row column_structure=&#8221;1_3,1_3,1_3&#8243; _builder_version=&#8221;4.27.4&#8243; custom_padding=&#8221;0px||0px||true|false&#8221; global_colors_info=&#8221;{}&#8221;][et_pb_column type=&#8221;1_3&#8243; module_class=&#8221;dct_cta_info&#8221; _builder_version=&#8221;4.16&#8243; global_colors_info=&#8221;{}&#8221;][et_pb_blurb title=&#8221;T\u00e9l\u00e9phone&#8221; url=&#8221;tel:+48455408189&#8243; use_icon=&#8221;on&#8221; font_icon=&#8221;&#xe090;||divi||400&#8243; _builder_version=&#8221;4.27.4&#8243; text_orientation=&#8221;center&#8221; link_option_url=&#8221;tel:+48455408189&#8243; hover_enabled=&#8221;0&#8243; global_colors_info=&#8221;{}&#8221; sticky_enabled=&#8221;0&#8243;]<\/p>\n<p>48\u00a0455\u00a0408\u00a0189<\/p>\n<p>[\/et_pb_blurb][\/et_pb_column][et_pb_column type=&#8221;1_3&#8243; module_class=&#8221;dct_cta_info&#8221; _builder_version=&#8221;4.16&#8243; global_colors_info=&#8221;{}&#8221;][et_pb_blurb title=&#8221;E-mail&#8221; url=&#8221;mailto:biuro@bio-proces.pl&#8221; use_icon=&#8221;on&#8221; font_icon=&#8221;&#xe076;||divi||400&#8243; _builder_version=&#8221;4.27.4&#8243; text_orientation=&#8221;center&#8221; link_option_url=&#8221;mailto:biuro@bio-proces.pl&#8221; global_colors_info=&#8221;{}&#8221;]biuro@bio-proces.pl[\/et_pb_blurb][\/et_pb_column][et_pb_column type=&#8221;1_3&#8243; module_class=&#8221;dct_cta_info&#8221; _builder_version=&#8221;4.16&#8243; global_colors_info=&#8221;{}&#8221;][et_pb_blurb title=&#8221;Adresse&#8221; use_icon=&#8221;on&#8221; font_icon=&#8221;&#xe081;||divi||400&#8243; _builder_version=&#8221;4.27.4&#8243; text_orientation=&#8221;center&#8221; global_colors_info=&#8221;{}&#8221;]<\/p>\n<p>Warszawska 26, 96-515 Seroki-Parcela<\/p>\n<p>[\/et_pb_blurb][\/et_pb_column][\/et_pb_row][et_pb_row column_structure=&#8221;1_2,1_2&#8243; make_equal=&#8221;on&#8221; _builder_version=&#8221;4.27.4&#8243; custom_margin=&#8221;20px||||false|false&#8221; custom_padding=&#8221;0px||0px||true|false&#8221; global_colors_info=&#8221;{}&#8221;][et_pb_column type=&#8221;1_2&#8243; _builder_version=&#8221;4.27.4&#8243; _module_preset=&#8221;default&#8221; global_colors_info=&#8221;{}&#8221;][et_pb_text _builder_version=&#8221;4.27.4&#8243; _module_preset=&#8221;default&#8221; global_colors_info=&#8221;{}&#8221;]<\/p>\n<div class=\"company-info\">\n<div class=\"company-info-header\">Bio-Proces sp. z o.o.<\/div>\n<div class=\"company-info-item\"><span class=\"info-label\">NIP:<\/span><br \/><span class=\"info-value\">837 187 21 29<\/span><\/div>\n<div class=\"company-info-item\"><span class=\"info-label\">KRS:<\/span><br \/><span class=\"info-value\">0000931385<\/span><\/div>\n<div class=\"company-info-item\"><span class=\"info-label\">REGON:<\/span><br \/><span class=\"info-value\">520390292<\/span><\/div>\n<div class=\"company-info-item\"><span class=\"info-label\">S\u0105d:<\/span><br \/><span class=\"info-value\">Rejonowy dla \u0141odzi \u015ar\u00f3dmie\u015bcia w \u0141odzi, XX Wydzia\u0142 Gospodarczy KRS<\/span><\/div>\n<\/div>\n<p>[\/et_pb_text][\/et_pb_column][et_pb_column type=&#8221;1_2&#8243; _builder_version=&#8221;4.27.4&#8243; _module_preset=&#8221;default&#8221; custom_css_main_element=&#8221;display: flex;||flex-direction: column;||justify-content: center;&#8221; global_colors_info=&#8221;{}&#8221;][et_pb_image src=&#8221;https:\/\/bio-proces.pl\/fr\/wp-content\/uploads\/2025\/03\/4.png&#8221; title_text=&#8221;4&#8243; show_in_lightbox=&#8221;on&#8221; _builder_version=&#8221;4.27.4&#8243; _module_preset=&#8221;default&#8221; global_colors_info=&#8221;{}&#8221;][\/et_pb_image][\/et_pb_column][\/et_pb_row][\/et_pb_section]<\/p>\n","protected":false},"excerpt":{"rendered":"<p>48\u00a0455\u00a0408\u00a0189biuro@bio-proces.plWarszawska 26, 96-515 Seroki-Parcela Bio-Proces sp. z o.o. NIP:837 187 21 29 KRS:0000931385 REGON:520390292 S\u0105d:Rejonowy dla \u0141odzi \u015ar\u00f3dmie\u015bcia w \u0141odzi, XX Wydzia\u0142 Gospodarczy KRS<\/p>\n","protected":false},"author":1,"featured_media":0,"parent":0,"menu_order":0,"comment_status":"closed","ping_status":"closed","template":"","meta":{"_et_pb_use_builder":"on","_et_pb_old_content":"","_et_gb_content_width":"","footnotes":""},"class_list":["post-97462","page","type-page","status-publish","hentry"],"_links":{"self":[{"href":"https:\/\/bio-proces.pl\/fr\/wp-json\/wp\/v2\/pages\/97462","targetHints":{"allow":["GET"]}}],"collection":[{"href":"https:\/\/bio-proces.pl\/fr\/wp-json\/wp\/v2\/pages"}],"about":[{"href":"https:\/\/bio-proces.pl\/fr\/wp-json\/wp\/v2\/types\/page"}],"author":[{"embeddable":true,"href":"https:\/\/bio-proces.pl\/fr\/wp-json\/wp\/v2\/users\/1"}],"replies":[{"embeddable":true,"href":"https:\/\/bio-proces.pl\/fr\/wp-json\/wp\/v2\/comments?post=97462"}],"version-history":[{"count":19,"href":"https:\/\/bio-proces.pl\/fr\/wp-json\/wp\/v2\/pages\/97462\/revisions"}],"predecessor-version":[{"id":100812,"href":"https:\/\/bio-proces.pl\/fr\/wp-json\/wp\/v2\/pages\/97462\/revisions\/100812"}],"wp:attachment":[{"href":"https:\/\/bio-proces.pl\/fr\/wp-json\/wp\/v2\/media?parent=97462"}],"curies":[{"name":"wp","href":"https:\/\/api.w.org\/{rel}","templated":true}]}}