{"id":98763,"date":"2020-06-04T13:24:09","date_gmt":"2020-06-04T13:24:09","guid":{"rendered":"http:\/\/localhost\/ALLHANDYMAN\/ELECTRIC\/demo1\/?page_id=90"},"modified":"2025-06-06T08:39:37","modified_gmt":"2025-06-06T06:39:37","slug":"conseil","status":"publish","type":"page","link":"https:\/\/bio-proces.pl\/fr\/conseil\/","title":{"rendered":"Conseil"},"content":{"rendered":"<p>[et_pb_section fb_built=&#8221;1&#8243; module_class=&#8221;dct_plx&#8221; _builder_version=&#8221;4.27.4&#8243; background_color=&#8221;rgba(8,7,7,0.66)&#8221; background_image=&#8221;https:\/\/bio-proces.pl\/fr\/wp-content\/uploads\/2025\/02\/farm-with-biogas-plant-converting-organic-waste-into-renewable-energy-reducing-emissions-1.jpg&#8221; background_blend=&#8221;overlay&#8221; global_colors_info=&#8221;{}&#8221;][et_pb_row column_structure=&#8221;1_2,1_2&#8243; use_custom_gutter=&#8221;on&#8221; gutter_width=&#8221;2&#8243; make_equal=&#8221;on&#8221; _builder_version=&#8221;4.16&#8243; width=&#8221;90%&#8221; max_width=&#8221;1170px&#8221; custom_padding=&#8221;0px||0px||true|false&#8221; global_colors_info=&#8221;{}&#8221;][et_pb_column type=&#8221;1_2&#8243; module_class=&#8221;dct_p_title&#8221; _builder_version=&#8221;4.16&#8243; global_colors_info=&#8221;{}&#8221;][et_pb_text _builder_version=&#8221;4.16&#8243; _dynamic_attributes=&#8221;content&#8221; global_colors_info=&#8221;{}&#8221;]@ET-DC@eyJkeW5hbWljIjp0cnVlLCJjb250ZW50IjoicG9zdF90aXRsZSIsInNldHRpbmdzIjp7ImJlZm9yZSI6IiIsImFmdGVyIjoiIn19@[\/et_pb_text][\/et_pb_column][et_pb_column type=&#8221;1_2&#8243; module_class=&#8221;dct_bdcm&#8221; _builder_version=&#8221;4.16&#8243; global_colors_info=&#8221;{}&#8221;][\/et_pb_column][\/et_pb_row][\/et_pb_section][et_pb_section fb_built=&#8221;1&#8243; _builder_version=&#8221;4.27.4&#8243; background_color=&#8221;#f2f2f2&#8243; background_enable_image=&#8221;off&#8221; parallax=&#8221;on&#8221; parallax_method=&#8221;off&#8221; custom_padding=&#8221;0px||40px||false|false&#8221; custom_css_main_element=&#8221;backgrou&#8221; global_colors_info=&#8221;{}&#8221;][et_pb_row column_structure=&#8221;1_3,1_3,1_3&#8243; use_custom_gutter=&#8221;on&#8221; gutter_width=&#8221;2&#8243; custom_padding_last_edited=&#8221;on|phone&#8221; _builder_version=&#8221;4.22.1&#8243; width=&#8221;90%&#8221; max_width=&#8221;1170px&#8221; custom_padding=&#8221;||0px||false|false&#8221; custom_padding_tablet=&#8221;&#8221; custom_padding_phone=&#8221;||0px||false|false&#8221; global_colors_info=&#8221;{}&#8221;][et_pb_column type=&#8221;1_3&#8243; _builder_version=&#8221;4.22.1&#8243; custom_padding=&#8221;70px||||false|false&#8221; custom_padding_tablet=&#8221;0px||||false|false&#8221; custom_padding_phone=&#8221;0px||||false|false&#8221; custom_padding_last_edited=&#8221;on|tablet&#8221; global_colors_info=&#8221;{}&#8221;][et_pb_blurb title=&#8221;Conseil&#8221; url=&#8221;#consulting&#8221; image=&#8221;https:\/\/bio-proces.pl\/fr\/wp-content\/uploads\/2025\/03\/introduction_14753048.png&#8221; icon_placement=&#8221;left&#8221; module_class=&#8221;dct_hero_hover&#8221; _builder_version=&#8221;4.27.4&#8243; header_text_color=&#8221;#000000&#8243; body_text_color=&#8221;#000000&#8243; custom_margin=&#8221;||0px||false|false&#8221; custom_padding=&#8221;||0px||false|false&#8221; link_option_url=&#8221;#consulting&#8221; global_colors_info=&#8221;{}&#8221;]<span style=\"color: #000000;\">Bio-Proces propose des services de conseil con\u00e7us pour relever les d\u00e9fis sp\u00e9cifiques des installations existantes et des nouveaux projets.<\/span>[\/et_pb_blurb][et_pb_blurb title=&#8221;Concept technologique&#8221; url=&#8221;#technological&#8221; image=&#8221;https:\/\/bio-proces.pl\/fr\/wp-content\/uploads\/2025\/03\/drafting_1661149.png&#8221; icon_placement=&#8221;left&#8221; module_class=&#8221;dct_hero_hover&#8221; _builder_version=&#8221;4.27.4&#8243; header_text_color=&#8221;#000000&#8243; body_text_color=&#8221;#000000&#8243; custom_margin=&#8221;||0px||false|false&#8221; custom_padding=&#8221;||0px||false|false&#8221; link_option_url=&#8221;#technological&#8221; global_colors_info=&#8221;{}&#8221;]<span style=\"color: #000000;\">Chez Bio-Proces, nous sommes sp\u00e9cialis\u00e9s dans la pr\u00e9paration de concepts technologiques adapt\u00e9s, permettant aux clients d\u2019\u00e9valuer la faisabilit\u00e9 de leurs projets.<\/span>[\/et_pb_blurb][\/et_pb_column][et_pb_column type=&#8221;1_3&#8243; module_class=&#8221;dct_center_hero&#8221; _builder_version=&#8221;4.22.1&#8243; global_colors_info=&#8221;{}&#8221;][et_pb_image src=&#8221;https:\/\/bio-proces.pl\/fr\/wp-content\/uploads\/2025\/03\/27172626-modified.png&#8221; title_text=&#8221;27172626-modified&#8221; show_bottom_space=&#8221;off&#8221; align=&#8221;center&#8221; disabled_on=&#8221;on|on|off&#8221; _builder_version=&#8221;4.27.4&#8243; _module_preset=&#8221;default&#8221; positioning=&#8221;absolute&#8221; position_origin_a=&#8221;top_center&#8221; vertical_offset=&#8221;-150px&#8221; width=&#8221;250px&#8221; border_radii=&#8221;on|100%|100%|100%|100%&#8221; global_colors_info=&#8221;{}&#8221;][\/et_pb_image][et_pb_blurb title=&#8221;Conseil&#8221; image=&#8221;https:\/\/bio-proces.pl\/fr\/wp-content\/uploads\/2025\/03\/brainstorming_1924237-1.png&#8221; _builder_version=&#8221;4.27.4&#8243; text_orientation=&#8221;center&#8221; hover_enabled=&#8221;0&#8243; custom_css_blurb_image=&#8221;width: 100px;|| text-align: center;|| height: 100px;|| position: relative;|| background: var(&#8211;color-1);|| border-radius: 5px;|| padding: 18px;&#8221; global_colors_info=&#8221;{}&#8221; sticky_enabled=&#8221;0&#8243;]<\/p>\n<h3><a href=\"#design\">Conception technologique<br \/><\/a><\/h3>\n<p>[\/et_pb_blurb][\/et_pb_column][et_pb_column type=&#8221;1_3&#8243; _builder_version=&#8221;4.16&#8243; custom_padding=&#8221;70px||||false|false&#8221; custom_padding_tablet=&#8221;0px||||false|false&#8221; custom_padding_phone=&#8221;0px||||false|false&#8221; custom_padding_last_edited=&#8221;on|tablet&#8221; global_colors_info=&#8221;{}&#8221;][et_pb_blurb title=&#8221;Assistance administrative et juridique&#8221; url=&#8221;#legal&#8221; image=&#8221;https:\/\/bio-proces.pl\/fr\/wp-content\/uploads\/2025\/03\/stamp_2912851.png&#8221; icon_placement=&#8221;left&#8221; module_class=&#8221;dct_hero_hover&#8221; _builder_version=&#8221;4.27.4&#8243; header_text_color=&#8221;#000000&#8243; body_text_color=&#8221;#000000&#8243; custom_margin=&#8221;||0px||false|false&#8221; custom_padding=&#8221;||0px||false|false&#8221; link_option_url=&#8221;#legal&#8221; global_colors_info=&#8221;{}&#8221;]<span style=\"color: #000000;\">Chez Bio-Proces, nous comprenons \u00e0 quel point le processus administratif peut \u00eatre complexe et difficile pour nos clients<\/span>[\/et_pb_blurb][et_pb_blurb title=&#8221;Conception de permis de construire et d&#8217;ex\u00e9cution&#8221; url=&#8221;#permit&#8221; image=&#8221;https:\/\/bio-proces.pl\/fr\/wp-content\/uploads\/2025\/03\/construction-site_8707952.png&#8221; icon_placement=&#8221;left&#8221; module_class=&#8221;dct_hero_hover&#8221; _builder_version=&#8221;4.27.4&#8243; header_text_color=&#8221;#000000&#8243; body_text_color=&#8221;#000000&#8243; custom_margin=&#8221;||0px||false|false&#8221; custom_padding=&#8221;||0px||false|false&#8221; link_option_url=&#8221;#permit&#8221; global_colors_info=&#8221;{}&#8221;]<span style=\"color: #000000;\">Bio-Proces peut fournir des conceptions de permis de construire et des conceptions d\u2019ex\u00e9cution.<\/span>[\/et_pb_blurb][\/et_pb_column][\/et_pb_row][\/et_pb_section][et_pb_section fb_built=&#8221;1&#8243; _builder_version=&#8221;4.27.4&#8243; custom_padding=&#8221;40px||40px||true|false&#8221; global_colors_info=&#8221;{}&#8221;][et_pb_row column_structure=&#8221;1_2,1_2&#8243; custom_padding_last_edited=&#8221;off|desktop&#8221; module_id=&#8221;consulting&#8221; module_class=&#8221;consulting&#8221; _builder_version=&#8221;4.27.4&#8243; custom_padding=&#8221;0px||0px||true|false&#8221; custom_padding_tablet=&#8221;0px||0px||true|false&#8221; global_colors_info=&#8221;{}&#8221;][et_pb_column type=&#8221;1_2&#8243; _builder_version=&#8221;4.16&#8243; global_colors_info=&#8221;{}&#8221;][et_pb_text _builder_version=&#8221;4.27.4&#8243; header_6_font_size=&#8221;24px&#8221; custom_margin=&#8221;||9px||false|false&#8221; global_colors_info=&#8221;{}&#8221;]<\/p>\n<h6>Conseil<br \/>\n<\/h6>\n<p>[\/et_pb_text][et_pb_text module_class=&#8221;dct_abt_txt&#8221; _builder_version=&#8221;4.27.4&#8243; global_colors_info=&#8221;{}&#8221;]<\/p>\n<p style=\"text-align: justify;\">Bio-Proces propose des services de conseil adapt\u00e9s aux d\u00e9fis sp\u00e9cifiques des installations existantes et des nouveaux projets.<br \/>Que nous travaillions avec des clients priv\u00e9s ou des institutions publiques, notre \u00e9quipe fournit des analyses cibl\u00e9es et des solutions optimis\u00e9es pour garantir des r\u00e9sultats durables et efficaces.<br \/>Gr\u00e2ce \u00e0 une approche collaborative et personnalis\u00e9e, nous aidons les parties prenantes \u00e0 naviguer avec assurance dans les aspects techniques, r\u00e9glementaires et op\u00e9rationnels, leur permettant ainsi de prendre des d\u00e9cisions \u00e9clair\u00e9es et strat\u00e9giques.<\/p>\n<p>[\/et_pb_text][\/et_pb_column][et_pb_column type=&#8221;1_2&#8243; _builder_version=&#8221;4.16&#8243; global_colors_info=&#8221;{}&#8221;][et_pb_image src=&#8221;https:\/\/bio-proces.pl\/fr\/wp-content\/uploads\/2025\/03\/20250312_115602.jpg&#8221; title_text=&#8221;20250312_115602&#8243; _builder_version=&#8221;4.27.4&#8243; _module_preset=&#8221;default&#8221; box_shadow_style=&#8221;preset2&#8243; global_colors_info=&#8221;{}&#8221;][\/et_pb_image][\/et_pb_column][\/et_pb_row][et_pb_row column_structure=&#8221;1_2,1_2&#8243; custom_padding_last_edited=&#8221;off|desktop&#8221; module_id=&#8221;technological&#8221; module_class=&#8221;technological, reverse&#8221; _builder_version=&#8221;4.27.4&#8243; custom_margin=&#8221;30px||||false|false&#8221; custom_padding=&#8221;0px||0px||true|false&#8221; custom_padding_tablet=&#8221;0px||0px||true|false&#8221; global_colors_info=&#8221;{}&#8221;][et_pb_column type=&#8221;1_2&#8243; _builder_version=&#8221;4.16&#8243; global_colors_info=&#8221;{}&#8221;][et_pb_image src=&#8221;https:\/\/bio-proces.pl\/fr\/wp-content\/uploads\/2025\/03\/2770.jpg&#8221; title_text=&#8221;2770&#8243; _builder_version=&#8221;4.27.4&#8243; _module_preset=&#8221;default&#8221; custom_margin_tablet=&#8221;&#8221; custom_margin_phone=&#8221;20px||||false|false&#8221; custom_margin_last_edited=&#8221;on|phone&#8221; box_shadow_style=&#8221;preset2&#8243; global_colors_info=&#8221;{}&#8221;][\/et_pb_image][\/et_pb_column][et_pb_column type=&#8221;1_2&#8243; _builder_version=&#8221;4.16&#8243; global_colors_info=&#8221;{}&#8221;][et_pb_text _builder_version=&#8221;4.27.4&#8243; header_6_font_size=&#8221;24px&#8221; custom_margin=&#8221;||9px||false|false&#8221; global_colors_info=&#8221;{}&#8221;]<\/p>\n<h6>Concept technologique<br \/>\n<\/h6>\n<p>[\/et_pb_text][et_pb_text module_class=&#8221;dct_abt_txt&#8221; _builder_version=&#8221;4.27.4&#8243; global_colors_info=&#8221;{}&#8221;]Chez Bio-Proces, nous concevons des concepts technologiques adapt\u00e9s qui permettent aux clients d\u2019\u00e9valuer avec pr\u00e9cision la faisabilit\u00e9 de leurs projets.<br \/>\nCes concepts sont \u00e9labor\u00e9s d\u00e8s les premi\u00e8res \u00e9tapes du cycle de vie du projet, offrant une base solide pour une prise de d\u00e9cision \u00e9clair\u00e9e et une planification strat\u00e9gique efficace.<br \/>\nEn fournissant des informations claires et directement applicables, Bio-Proces aide ses clients \u00e0 analyser le potentiel et la viabilit\u00e9 de leurs initiatives avec confiance et assurance.[\/et_pb_text][\/et_pb_column][\/et_pb_row][et_pb_row column_structure=&#8221;1_2,1_2&#8243; custom_padding_last_edited=&#8221;off|desktop&#8221; module_id=&#8221;legal&#8221; module_class=&#8221;legal&#8221; _builder_version=&#8221;4.27.4&#8243; custom_margin=&#8221;30px||||false|false&#8221; custom_padding=&#8221;0px||0px||true|false&#8221; custom_padding_tablet=&#8221;0px||0px||true|false&#8221; global_colors_info=&#8221;{}&#8221;][et_pb_column type=&#8221;1_2&#8243; _builder_version=&#8221;4.16&#8243; global_colors_info=&#8221;{}&#8221;][et_pb_text _builder_version=&#8221;4.27.4&#8243; header_6_font_size=&#8221;24px&#8221; custom_margin=&#8221;||9px||false|false&#8221; global_colors_info=&#8221;{}&#8221;]<\/p>\n<h6>Assistance administrative et juridique<br \/>\n<\/h6>\n<p>[\/et_pb_text][et_pb_text module_class=&#8221;dct_abt_txt&#8221; _builder_version=&#8221;4.27.4&#8243; global_colors_info=&#8221;{}&#8221;]Chez Bio-Proces, nous comprenons \u00e0 quel point le processus administratif peut \u00eatre complexe et difficile pour nos clients.<br \/>\nC\u2019est pourquoi nous offrons un accompagnement et un soutien d\u00e9di\u00e9s \u00e0 chaque \u00e9tape, veillant \u00e0 ce qu\u2019aucun d\u00e9tail ne soit n\u00e9glig\u00e9 et qu\u2019aucun d\u00e9fi ne soit affront\u00e9 seul.<br \/>\nEn guidant les clients \u00e0 travers l\u2019ensemble du processus, nous les aidons \u00e0 g\u00e9rer les exigences administratives avec assurance, rendant le chemin vers l\u2019ach\u00e8vement du projet aussi fluide et ma\u00eetrisable que possible[\/et_pb_text][\/et_pb_column][et_pb_column type=&#8221;1_2&#8243; _builder_version=&#8221;4.16&#8243; global_colors_info=&#8221;{}&#8221;][et_pb_image src=&#8221;https:\/\/bio-proces.pl\/fr\/wp-content\/uploads\/2025\/03\/6319.jpg&#8221; title_text=&#8221;6319&#8243; _builder_version=&#8221;4.27.4&#8243; _module_preset=&#8221;default&#8221; box_shadow_style=&#8221;preset2&#8243; global_colors_info=&#8221;{}&#8221;][\/et_pb_image][\/et_pb_column][\/et_pb_row][et_pb_row column_structure=&#8221;1_2,1_2&#8243; custom_padding_last_edited=&#8221;off|desktop&#8221; module_id=&#8221;design&#8221; module_class=&#8221;design, reverse&#8221; _builder_version=&#8221;4.27.4&#8243; custom_margin=&#8221;30px||||false|false&#8221; custom_padding=&#8221;0px||0px||true|false&#8221; custom_padding_tablet=&#8221;0px||0px||true|false&#8221; global_colors_info=&#8221;{}&#8221;][et_pb_column type=&#8221;1_2&#8243; _builder_version=&#8221;4.16&#8243; global_colors_info=&#8221;{}&#8221;][et_pb_image src=&#8221;https:\/\/bio-proces.pl\/fr\/wp-content\/uploads\/2025\/03\/design.png&#8221; title_text=&#8221;design&#8221; _builder_version=&#8221;4.27.4&#8243; _module_preset=&#8221;default&#8221; custom_margin_tablet=&#8221;&#8221; custom_margin_phone=&#8221;20px||||false|false&#8221; custom_margin_last_edited=&#8221;on|phone&#8221; box_shadow_style=&#8221;preset2&#8243; global_colors_info=&#8221;{}&#8221;][\/et_pb_image][\/et_pb_column][et_pb_column type=&#8221;1_2&#8243; _builder_version=&#8221;4.16&#8243; global_colors_info=&#8221;{}&#8221;][et_pb_text _builder_version=&#8221;4.27.4&#8243; header_6_font_size=&#8221;24px&#8221; custom_margin=&#8221;||9px||false|false&#8221; global_colors_info=&#8221;{}&#8221;]<\/p>\n<h6>Livraison technologique<br \/>\n<\/h6>\n<p>[\/et_pb_text][et_pb_text module_class=&#8221;dct_abt_txt&#8221; _builder_version=&#8221;4.27.4&#8243; global_colors_info=&#8221;{}&#8221;]<\/p>\n<p style=\"text-align: justify;\">Nous sommes sp\u00e9cialis\u00e9s dans la conception de solutions technologiques int\u00e9grales, pr\u00e9cis\u00e9ment adapt\u00e9es aux besoins sp\u00e9cifiques de nos clients.<br \/>Notre expertise couvre les installations de biogaz, les stations d\u2019\u00e9puration, les syst\u00e8mes de r\u00e9utilisation de l\u2019eau et les solutions de d\u00e9sodorisation, garantissant que chaque projet soit \u00e9labor\u00e9 avec rigueur et pragmatisme.<br \/>En privil\u00e9giant des solutions personnalis\u00e9es et holistiques, Bio-Proces accompagne ses clients vers l\u2019atteinte de leurs objectifs, en mettant l\u2019accent sur l\u2019efficacit\u00e9, la durabilit\u00e9 et la responsabilit\u00e9 environnementale.<\/p>\n<p>[\/et_pb_text][\/et_pb_column][\/et_pb_row][et_pb_row column_structure=&#8221;1_2,1_2&#8243; custom_padding_last_edited=&#8221;off|desktop&#8221; module_id=&#8221;permit&#8221; module_class=&#8221;permit&#8221; _builder_version=&#8221;4.27.4&#8243; custom_margin=&#8221;30px||||false|false&#8221; custom_padding=&#8221;0px||0px||true|false&#8221; custom_padding_tablet=&#8221;0px||0px||true|false&#8221; global_colors_info=&#8221;{}&#8221;][et_pb_column type=&#8221;1_2&#8243; _builder_version=&#8221;4.16&#8243; global_colors_info=&#8221;{}&#8221;][et_pb_text _builder_version=&#8221;4.27.4&#8243; header_6_font_size=&#8221;24px&#8221; custom_margin=&#8221;||9px||false|false&#8221; global_colors_info=&#8221;{}&#8221;]<\/p>\n<h6>Conception de permis de construire et d&#8217;ex\u00e9cution<br \/>\n<\/h6>\n<p>[\/et_pb_text][et_pb_text module_class=&#8221;dct_abt_txt&#8221; _builder_version=&#8221;4.27.4&#8243; global_colors_info=&#8221;{}&#8221;]<\/p>\n<p style=\"text-align: justify;\">Bio-Proces peut fournir des conceptions de permis de construire et des conceptions d\u2019ex\u00e9cution lorsque cela est n\u00e9cessaire, garantissant leur ad\u00e9quation \u00e0 leur usage et leur alignement sur les besoins sp\u00e9cifiques de chaque projet.<br \/>En tant qu\u2019entreprise sp\u00e9cialis\u00e9e dans l\u2019ex\u00e9cution des aspects technologiques des projets, nous apportons une approche pragmatique au processus de conception, en coordonnant efficacement nos efforts avec d\u2019autres branches pour offrir un accompagnement complet \u00e0 nos clients.<br \/>Cette approche int\u00e9gr\u00e9e optimise le d\u00e9veloppement du projet et garantit des solutions efficaces, adapt\u00e9es aux objectifs du client.<\/p>\n<p>[\/et_pb_text][\/et_pb_column][et_pb_column type=&#8221;1_2&#8243; _builder_version=&#8221;4.16&#8243; global_colors_info=&#8221;{}&#8221;][et_pb_image src=&#8221;https:\/\/bio-proces.pl\/fr\/wp-content\/uploads\/2025\/03\/200.jpg&#8221; title_text=&#8221;200&#8243; _builder_version=&#8221;4.27.4&#8243; _module_preset=&#8221;default&#8221; box_shadow_style=&#8221;preset2&#8243; global_colors_info=&#8221;{}&#8221;][\/et_pb_image][\/et_pb_column][\/et_pb_row][\/et_pb_section]<\/p>\n","protected":false},"excerpt":{"rendered":"<p>Bio-Proces propose des services de conseil con\u00e7us pour relever les d\u00e9fis sp\u00e9cifiques des installations existantes et des nouveaux projets.Chez Bio-Proces, nous sommes sp\u00e9cialis\u00e9s dans la pr\u00e9paration de concepts technologiques adapt\u00e9s, permettant aux clients d\u2019\u00e9valuer la faisabilit\u00e9 de leurs projets.Conception technologiqueChez Bio-Proces, nous comprenons \u00e0 quel point le processus administratif peut \u00eatre complexe et difficile pour [&hellip;]<\/p>\n","protected":false},"author":1,"featured_media":0,"parent":0,"menu_order":0,"comment_status":"closed","ping_status":"closed","template":"","meta":{"_et_pb_use_builder":"on","_et_pb_old_content":"","_et_gb_content_width":"","footnotes":""},"class_list":["post-98763","page","type-page","status-publish","hentry"],"_links":{"self":[{"href":"https:\/\/bio-proces.pl\/fr\/wp-json\/wp\/v2\/pages\/98763","targetHints":{"allow":["GET"]}}],"collection":[{"href":"https:\/\/bio-proces.pl\/fr\/wp-json\/wp\/v2\/pages"}],"about":[{"href":"https:\/\/bio-proces.pl\/fr\/wp-json\/wp\/v2\/types\/page"}],"author":[{"embeddable":true,"href":"https:\/\/bio-proces.pl\/fr\/wp-json\/wp\/v2\/users\/1"}],"replies":[{"embeddable":true,"href":"https:\/\/bio-proces.pl\/fr\/wp-json\/wp\/v2\/comments?post=98763"}],"version-history":[{"count":18,"href":"https:\/\/bio-proces.pl\/fr\/wp-json\/wp\/v2\/pages\/98763\/revisions"}],"predecessor-version":[{"id":100746,"href":"https:\/\/bio-proces.pl\/fr\/wp-json\/wp\/v2\/pages\/98763\/revisions\/100746"}],"wp:attachment":[{"href":"https:\/\/bio-proces.pl\/fr\/wp-json\/wp\/v2\/media?parent=98763"}],"curies":[{"name":"wp","href":"https:\/\/api.w.org\/{rel}","templated":true}]}}